{"id":1476,"date":"2024-03-13T12:33:43","date_gmt":"2024-03-13T05:33:43","guid":{"rendered":"https:\/\/chongsetminhhan.com\/?post_type=product&#038;p=1476"},"modified":"2024-03-13T12:33:43","modified_gmt":"2024-03-13T05:33:43","slug":"cot-do-kim-thu-set","status":"publish","type":"product","link":"https:\/\/chongsetminhhan.com\/?product=cot-do-kim-thu-set","title":{"rendered":"C\u1ed8T \u0110\u1ee0 KIM THU S\u00c9T"},"content":{"rendered":"<p>B\u1ed8 C\u1ed8T \u0110\u1ee0 KIM THU S\u00c9T BAO G\u1ed2M CH\u00c2N \u0110\u1ebe V\u00c0 B\u1ed8 GI\u1eb0NG N\u00c9O<\/p>\n<p>CH\u00daNG T\u00d4I S\u1ea2N XU\u1ea4T C\u00c1C LO\u1ea0I C\u1ed8T V\u1edaI C\u00c1C K\u00cdCH TH\u01af\u1edaC KH\u00c1C NHAU : 3M, 5M, 6M &#8230;. V\u00c0 C\u00c1C CH\u1ea4T LI\u1ec6U iNOX HO\u1eb6C K\u1ebcM<\/p>\n<p>T\u00d9Y THU\u1ed8C V\u00c0O S\u1ef0 Y\u00caU C\u1ea6U C\u1ee6A CDT CH\u00daNG T\u00d4I S\u1ebc S\u1ea2N XU\u1ea4T C\u00c1C B\u1ed8 C\u1ed8T \u0110\u1ee0 KH\u00c1C NHAU \u0110\u1ec2 \u0110\u1ea2M B\u1ea2O THEO Y\u00caU C\u1ea6U C\u1ee6A CDT C\u0168NG NH\u01af \u0110\u00c1P \u1ee8NG CH\u1ea4T L\u01af\u1ee2NG, THI\u1ebeT K\u1ebe THEO B\u1ea2N V\u1ebc THI\u1ebeT K\u1ebe \u0110\u01afA RA <img loading=\"lazy\" decoding=\"async\" class=\"alignnone size-medium wp-image-1474\" src=\"https:\/\/chongsetminhhan.com\/wp-content\/uploads\/2024\/03\/hapu1-135x300.jpg\" alt=\"\" width=\"135\" height=\"300\" srcset=\"https:\/\/chongsetminhhan.com\/wp-content\/uploads\/2024\/03\/hapu1-135x300.jpg 135w, https:\/\/chongsetminhhan.com\/wp-content\/uploads\/2024\/03\/hapu1-460x1024.jpg 460w, https:\/\/chongsetminhhan.com\/wp-content\/uploads\/2024\/03\/hapu1-510x1135.jpg 510w, https:\/\/chongsetminhhan.com\/wp-content\/uploads\/2024\/03\/hapu1.jpg 575w\" sizes=\"auto, (max-width: 135px) 100vw, 135px\" \/><\/p>\n","protected":false},"excerpt":{"rendered":"<p>B\u1ed8 C\u1ed8T \u0110\u1ee0 KIM THU S\u00c9T S\u1ea2N XU\u1ea4T THEO Y\u00caU C\u1ea6U C\u1ee6A KH\u00c1CH H\u00c0NG<\/p>\n","protected":false},"featured_media":1471,"comment_status":"closed","ping_status":"closed","template":"","meta":[],"product_cat":[68,70,71],"product_tag":[125,123,124],"class_list":{"0":"post-1476","1":"product","2":"type-product","3":"status-publish","4":"has-post-thumbnail","6":"product_cat-phu-kien-chong-set","7":"product_cat-cot-chong-set","8":"product_cat-day-giang-neo","9":"product_tag-bo-cot-chong-set","10":"product_tag-cot-chong-set","11":"product_tag-cot-do-kim-thu-set","13":"first","14":"instock","15":"shipping-taxable","16":"product-type-simple"},"_links":{"self":[{"href":"https:\/\/chongsetminhhan.com\/index.php?rest_route=\/wp\/v2\/product\/1476","targetHints":{"allow":["GET"]}}],"collection":[{"href":"https:\/\/chongsetminhhan.com\/index.php?rest_route=\/wp\/v2\/product"}],"about":[{"href":"https:\/\/chongsetminhhan.com\/index.php?rest_route=\/wp\/v2\/types\/product"}],"replies":[{"embeddable":true,"href":"https:\/\/chongsetminhhan.com\/index.php?rest_route=%2Fwp%2Fv2%2Fcomments&post=1476"}],"wp:featuredmedia":[{"embeddable":true,"href":"https:\/\/chongsetminhhan.com\/index.php?rest_route=\/wp\/v2\/media\/1471"}],"wp:attachment":[{"href":"https:\/\/chongsetminhhan.com\/index.php?rest_route=%2Fwp%2Fv2%2Fmedia&parent=1476"}],"wp:term":[{"taxonomy":"product_cat","embeddable":true,"href":"https:\/\/chongsetminhhan.com\/index.php?rest_route=%2Fwp%2Fv2%2Fproduct_cat&post=1476"},{"taxonomy":"product_tag","embeddable":true,"href":"https:\/\/chongsetminhhan.com\/index.php?rest_route=%2Fwp%2Fv2%2Fproduct_tag&post=1476"}],"curies":[{"name":"wp","href":"https:\/\/api.w.org\/{rel}","templated":true}]}}