{"id":1464,"date":"2023-11-02T11:13:48","date_gmt":"2023-11-02T04:13:48","guid":{"rendered":"https:\/\/chongsetminhhan.com\/?post_type=product&#038;p=1464"},"modified":"2023-11-02T11:13:48","modified_gmt":"2023-11-02T04:13:48","slug":"ong-dong-tiep-dia","status":"publish","type":"product","link":"https:\/\/chongsetminhhan.com\/?product=ong-dong-tiep-dia","title":{"rendered":"\u1ed0NG \u0110\u1ed2NG TI\u1ebeP \u0110\u1ecaA"},"content":{"rendered":"<p><img loading=\"lazy\" decoding=\"async\" class=\"alignnone size-medium wp-image-1466\" src=\"https:\/\/chongsetminhhan.com\/wp-content\/uploads\/2023\/11\/ong-dong-300x225.jpg\" alt=\"\" width=\"300\" height=\"225\" srcset=\"https:\/\/chongsetminhhan.com\/wp-content\/uploads\/2023\/11\/ong-dong-300x225.jpg 300w, https:\/\/chongsetminhhan.com\/wp-content\/uploads\/2023\/11\/ong-dong-510x383.jpg 510w, https:\/\/chongsetminhhan.com\/wp-content\/uploads\/2023\/11\/ong-dong.jpg 600w\" sizes=\"auto, (max-width: 300px) 100vw, 300px\" \/><\/p>\n<p>\u1ed0ng \u0111\u1ed3ng ti\u1ebfp \u0111\u1ecba \u0111\u1ea7y \u0111\u1ee7 c\u00e1c k\u00edch th\u01b0\u1edbc v\u00e0 c\u00e1c k\u00edch c\u1ee1 kh\u00e1c nhau theo y\u00eau c\u1ea7u c\u1ee7a Kh\u00e1ch h\u00e0ng.<\/p>\n<p>Ch\u00fang t\u00f4i chuy\u00ean cung c\u1ea5p c\u00e1c lo\u1ea1i \u1ed1ng \u0111\u1ed3ng d\u00f9ng cho thi c\u00f4ng c\u00e1c h\u1ec7 th\u1ed1ng b\u00e3i ti\u1ebfp \u0111\u1ecba c\u1ea7n gi\u00e1 tr\u1ecb \u0111i\u1ec7n tr\u1edf nh\u1ecf, \u0111\u1ec3 \u0111\u00e1p \u1ee9ng \u0111\u01b0\u1ee3c y\u00eau c\u1ea7u \u0111\u00f3 th\u00ec gi\u1ea3i ph\u00e1p khoan gi\u1ebfng v\u00e0 th\u1ea3 \u1ed1ng \u0111\u1ed3ng k\u1ebft h\u1ee3p v\u1edbi h\u00f3a ch\u1ea5t gi\u1ea3m \u0111i\u1ec7n tr\u1edf khi thi c\u00f4ng m\u1edbi \u0111\u1ea1t hi\u1ec7u qu\u1ea3 v\u00e0 gi\u00e1 tr\u1ecb t\u1ed1t nh\u1ea5t<\/p>\n<p>\u1ed0ng \u0111\u1ed3ng c\u00f3 c\u00e1c k\u00edch c\u1ee1 t\u1eeb D8 t\u1edbi D100 ; \u0111\u1ed9 d\u1ea7y 0,8 \u0111\u1ebfn 5mm t\u00f9y theo y\u00eau c\u1ea7u c\u1ee7a KH<\/p>\n","protected":false},"excerpt":{"rendered":"<p>\u1ed0ng \u0111\u1ed3ng ti\u1ebfp \u0111\u1ecba \u0111\u1ea7y \u0111\u1ee7 c\u00e1c k\u00edch th\u01b0\u1edbc v\u00e0 c\u00e1c k\u00edch c\u1ee1 kh\u00e1c nhau theo y\u00eau c\u1ea7u c\u1ee7a Kh\u00e1ch h\u00e0ng. Ch\u00fang t\u00f4i chuy\u00ean cung c\u1ea5p c\u00e1c lo\u1ea1i \u1ed1ng \u0111\u1ed3ng d\u00f9ng cho thi c\u00f4ng c\u00e1c h\u1ec7 th\u1ed1ng b\u00e3i ti\u1ebfp \u0111\u1ecba c\u1ea7n gi\u00e1 tr\u1ecb \u0111i\u1ec7n tr\u1edf nh\u1ecf, \u0111\u1ec3 \u0111\u00e1p \u1ee9ng \u0111\u01b0\u1ee3c y\u00eau c\u1ea7u \u0111\u00f3 th\u00ec gi\u1ea3i&#8230;<\/p>\n","protected":false},"featured_media":1465,"comment_status":"closed","ping_status":"closed","template":"","meta":[],"product_cat":[66,116,63],"product_tag":[118,119],"class_list":{"0":"post-1464","1":"product","2":"type-product","3":"status-publish","4":"has-post-thumbnail","6":"product_cat-thanh-dong-dong-cuon","7":"product_cat-thanh-dong","8":"product_cat-coc-tiep-dia-bang-dong-tiep-dia","9":"product_tag-ong-dong-d42-ong-dong-tiep-dia","10":"product_tag-ong-dong-thang","12":"first","13":"instock","14":"shipping-taxable","15":"product-type-simple"},"_links":{"self":[{"href":"https:\/\/chongsetminhhan.com\/index.php?rest_route=\/wp\/v2\/product\/1464","targetHints":{"allow":["GET"]}}],"collection":[{"href":"https:\/\/chongsetminhhan.com\/index.php?rest_route=\/wp\/v2\/product"}],"about":[{"href":"https:\/\/chongsetminhhan.com\/index.php?rest_route=\/wp\/v2\/types\/product"}],"replies":[{"embeddable":true,"href":"https:\/\/chongsetminhhan.com\/index.php?rest_route=%2Fwp%2Fv2%2Fcomments&post=1464"}],"wp:featuredmedia":[{"embeddable":true,"href":"https:\/\/chongsetminhhan.com\/index.php?rest_route=\/wp\/v2\/media\/1465"}],"wp:attachment":[{"href":"https:\/\/chongsetminhhan.com\/index.php?rest_route=%2Fwp%2Fv2%2Fmedia&parent=1464"}],"wp:term":[{"taxonomy":"product_cat","embeddable":true,"href":"https:\/\/chongsetminhhan.com\/index.php?rest_route=%2Fwp%2Fv2%2Fproduct_cat&post=1464"},{"taxonomy":"product_tag","embeddable":true,"href":"https:\/\/chongsetminhhan.com\/index.php?rest_route=%2Fwp%2Fv2%2Fproduct_tag&post=1464"}],"curies":[{"name":"wp","href":"https:\/\/api.w.org\/{rel}","templated":true}]}}