{"id":1455,"date":"2023-05-24T22:40:23","date_gmt":"2023-05-24T15:40:23","guid":{"rendered":"https:\/\/chongsetminhhan.com\/?post_type=product&#038;p=1455"},"modified":"2023-05-24T22:40:23","modified_gmt":"2023-05-24T15:40:23","slug":"den-bao-khong","status":"publish","type":"product","link":"https:\/\/chongsetminhhan.com\/?product=den-bao-khong","title":{"rendered":"\u0110\u00c8N B\u00c1O KH\u00d4NG"},"content":{"rendered":"<p>\u0110\u00e8n b\u00e1o kh\u00f4ng d\u00f9ng n\u0103ng l\u01b0\u1ee3ng m\u1eb7t tr\u1eddi, kh\u00f4ng c\u1ea7n c\u1ea5p ngu\u1ed3n \u0111i\u1ec7n tr\u1ef1c ti\u1ebfp.<\/p>\n<p>T\u1ef1 \u0111\u1ed9ng b\u1eadt s\u00e1ng khi tr\u1eddi t\u1ed1i, t\u1ef1 \u0111\u1ed9ng nh\u1ea5p nh\u00e1y c\u1ea3nh b\u00e1o theo nhi\u1ec1u ch\u1ebf \u0111\u1ed9 kh\u00e1c nhau.<\/p>\n<p>D\u1ec5 d\u00e0ng l\u1eafp \u0111\u1eb7t c\u0169ng nh\u01b0 s\u1eed d\u1ee5ng<\/p>\n","protected":false},"excerpt":{"rendered":"<p>\u0110\u00e8n b\u00e1o kh\u00f4ng d\u00f9ng n\u0103ng l\u01b0\u1ee3ng m\u1eb7t tr\u1eddi, kh\u00f4ng c\u1ea7n c\u1ea5p ngu\u1ed3n \u0111i\u1ec7n tr\u1ef1c ti\u1ebfp. T\u1ef1 \u0111\u1ed9ng b\u1eadt s\u00e1ng khi tr\u1eddi t\u1ed1i, t\u1ef1 \u0111\u1ed9ng nh\u1ea5p nh\u00e1y c\u1ea3nh b\u00e1o theo nhi\u1ec1u ch\u1ebf \u0111\u1ed9 kh\u00e1c nhau. D\u1ec5 d\u00e0ng l\u1eafp \u0111\u1eb7t c\u0169ng nh\u01b0 s\u1eed d\u1ee5ng<\/p>\n","protected":false},"featured_media":1409,"comment_status":"closed","ping_status":"closed","template":"","meta":[],"product_cat":[67],"product_tag":[],"class_list":{"0":"post-1455","1":"product","2":"type-product","3":"status-publish","4":"has-post-thumbnail","6":"product_cat-den-beo-khong","8":"first","9":"instock","10":"shipping-taxable","11":"product-type-simple"},"_links":{"self":[{"href":"https:\/\/chongsetminhhan.com\/index.php?rest_route=\/wp\/v2\/product\/1455","targetHints":{"allow":["GET"]}}],"collection":[{"href":"https:\/\/chongsetminhhan.com\/index.php?rest_route=\/wp\/v2\/product"}],"about":[{"href":"https:\/\/chongsetminhhan.com\/index.php?rest_route=\/wp\/v2\/types\/product"}],"replies":[{"embeddable":true,"href":"https:\/\/chongsetminhhan.com\/index.php?rest_route=%2Fwp%2Fv2%2Fcomments&post=1455"}],"wp:featuredmedia":[{"embeddable":true,"href":"https:\/\/chongsetminhhan.com\/index.php?rest_route=\/wp\/v2\/media\/1409"}],"wp:attachment":[{"href":"https:\/\/chongsetminhhan.com\/index.php?rest_route=%2Fwp%2Fv2%2Fmedia&parent=1455"}],"wp:term":[{"taxonomy":"product_cat","embeddable":true,"href":"https:\/\/chongsetminhhan.com\/index.php?rest_route=%2Fwp%2Fv2%2Fproduct_cat&post=1455"},{"taxonomy":"product_tag","embeddable":true,"href":"https:\/\/chongsetminhhan.com\/index.php?rest_route=%2Fwp%2Fv2%2Fproduct_tag&post=1455"}],"curies":[{"name":"wp","href":"https:\/\/api.w.org\/{rel}","templated":true}]}}