{"id":1452,"date":"2023-05-24T22:20:31","date_gmt":"2023-05-24T15:20:31","guid":{"rendered":"https:\/\/chongsetminhhan.com\/?post_type=product&#038;p=1452"},"modified":"2023-05-24T22:40:54","modified_gmt":"2023-05-24T15:40:54","slug":"bang-dong-thanh-dong-tiep-dia","status":"publish","type":"product","link":"https:\/\/chongsetminhhan.com\/?product=bang-dong-thanh-dong-tiep-dia","title":{"rendered":"B\u0102NG \u0110\u1ed2NG- THANH \u0110\u1ed2NG TI\u1ebeP \u0110\u1ecaA"},"content":{"rendered":"<p>C\u00f4ng ty Minh H\u00e2n chuy\u00ean cung c\u1ea5p c\u00e1c v\u1eadt t\u01b0 thanh \u0111\u1ed3ng, b\u0103ng \u0111\u1ed3ng v\u1edbi \u0111\u1ee7 c\u00e1c ch\u1ee7ng lo\u1ea1i v\u00e0 k\u00edch c\u1ee1 kh\u00e1c nhau.<\/p>\n<p>\u0110\u1ed3ng tr\u00f2n \u0111\u1ed9 d\u00e0i theo y\u00eau c\u1ea7u.<\/p>\n<table width=\"325\">\n<tbody>\n<tr>\n<td width=\"145\">\u0110\u1ed3ng phi tr\u00f2n<\/td>\n<td width=\"112\">Phi 8<\/td>\n<td width=\"68\">Thanh<\/td>\n<\/tr>\n<tr>\n<td>\u0110\u1ed3ng phi tr\u00f2n<\/td>\n<td width=\"112\">Phi 10<\/td>\n<td>Thanh<\/td>\n<\/tr>\n<tr>\n<td>\u0110\u1ed3ng phi tr\u00f2n<\/td>\n<td width=\"112\">Phi 12<\/td>\n<td>Thanh<\/td>\n<\/tr>\n<tr>\n<td>\u0110\u1ed3ng phi tr\u00f2n<\/td>\n<td width=\"112\">Phi 14<\/td>\n<td>Thanh<\/td>\n<\/tr>\n<tr>\n<td>\u0110\u1ed3ng phi tr\u00f2n<\/td>\n<td width=\"112\">Phi 16<\/td>\n<td>Thanh<\/td>\n<\/tr>\n<tr>\n<td>\u0110\u1ed3ng phi tr\u00f2n<\/td>\n<td width=\"112\">Phi 18<\/td>\n<td>Thanh<\/td>\n<\/tr>\n<tr>\n<td>\u0110\u1ed3ng phi tr\u00f2n<\/td>\n<td width=\"112\">Phi 20<\/td>\n<td>Thanh<\/td>\n<\/tr>\n<tr>\n<td>\u0110\u1ed3ng phi tr\u00f2n<\/td>\n<td width=\"112\">Phi 22<\/td>\n<td>Thanh<\/td>\n<\/tr>\n<tr>\n<td>\u0110\u1ed3ng phi tr\u00f2n<\/td>\n<td width=\"112\">Phi 25<\/td>\n<td>Thanh<\/td>\n<\/tr>\n<tr>\n<td>\u0110\u1ed3ng phi tr\u00f2n<\/td>\n<td width=\"112\">Phi 30<\/td>\n<td>Thanh<\/td>\n<\/tr>\n<tr>\n<td>\u0110\u1ed3ng phi tr\u00f2n<\/td>\n<td width=\"112\">Phi 35<\/td>\n<td>Thanh<\/td>\n<\/tr>\n<\/tbody>\n<\/table>\n<p>&nbsp;<\/p>\n<p>\u0110\u1ed3ng cu\u1ed9n theo c\u00e1c k\u00edch c\u1ee1 &#8230;.<\/p>\n<table width=\"325\">\n<tbody>\n<tr>\n<td width=\"145\">\u0110\u1ed3ng cu\u1ed9n<\/td>\n<td width=\"112\">50&#215;5 cu\u1ed9n<\/td>\n<td width=\"68\">Cu\u1ed9n<\/td>\n<\/tr>\n<tr>\n<td>\u0110\u1ed3ng cu\u1ed9n<\/td>\n<td width=\"112\">40&#215;4 cu\u1ed9n<\/td>\n<td>Cu\u1ed9n<\/td>\n<\/tr>\n<tr>\n<td>\u0110\u1ed3ng cu\u1ed9n<\/td>\n<td width=\"112\">30&#215;3 cu\u1ed9n<\/td>\n<td>Cu\u1ed9n<\/td>\n<\/tr>\n<tr>\n<td>\u0110\u1ed3ng cu\u1ed9n<\/td>\n<td width=\"112\">25&#215;3 cu\u1ed9n<\/td>\n<td>Cu\u1ed9n<\/td>\n<\/tr>\n<tr>\n<td>\u0110\u1ed3ng cu\u1ed9n<\/td>\n<td width=\"112\">20&#215;3 cu\u1ed9n<\/td>\n<td>Cu\u1ed9n<\/td>\n<\/tr>\n<tr>\n<td>\u0110\u1ed3ng cu\u1ed9n<\/td>\n<td width=\"112\">10&#215;2 cu\u1ed9n<\/td>\n<td>Cu\u1ed9n<\/td>\n<\/tr>\n<tr>\n<td>\u0110\u1ed3ng cu\u1ed9n<\/td>\n<td width=\"112\">7&#215;3 cu\u1ed9n<\/td>\n<td>Cu\u1ed9n<\/td>\n<\/tr>\n<tr>\n<td>\u0110\u1ed3ng cu\u1ed9n<\/td>\n<td width=\"112\">10&#215;3 cu\u1ed9n<\/td>\n<td>Cu\u1ed9n<\/td>\n<\/tr>\n<tr>\n<td>\u0110\u1ed3ng cu\u1ed9n<\/td>\n<td width=\"112\">12&#215;2 cu\u1ed9n<\/td>\n<td>Cu\u1ed9n<\/td>\n<\/tr>\n<tr>\n<td>\u0110\u1ed3ng cu\u1ed9n<\/td>\n<td width=\"112\">8&#215;2 cu\u1ed9n<\/td>\n<td>Cu\u1ed9n<\/td>\n<\/tr>\n<tr>\n<td>\u0110\u1ed3ng cu\u1ed9n<\/td>\n<td width=\"112\">8&#215;3 cu\u1ed9n<\/td>\n<td>Cu\u1ed9n<\/td>\n<\/tr>\n<\/tbody>\n<\/table>\n<p>\u0110\u1ed3ng thanh c\u00e1i<\/p>\n<table width=\"325\">\n<tbody>\n<tr>\n<td width=\"145\">\u0110\u1ed3ng thanh c\u00e1i<\/td>\n<td width=\"112\">30x5x4000<\/td>\n<td width=\"68\">Thanh<\/td>\n<\/tr>\n<tr>\n<td>\u0110\u1ed3ng thanh c\u00e1i<\/td>\n<td width=\"112\">30x4x4000<\/td>\n<td>Thanh<\/td>\n<\/tr>\n<tr>\n<td>\u0110\u1ed3ng thanh c\u00e1i<\/td>\n<td width=\"112\">30x3x4000<\/td>\n<td>Thanh<\/td>\n<\/tr>\n<tr>\n<td>\u0110\u1ed3ng thanh c\u00e1i<\/td>\n<td width=\"112\">25x10x4000<\/td>\n<td>Thanh<\/td>\n<\/tr>\n<tr>\n<td>\u0110\u1ed3ng thanh c\u00e1i<\/td>\n<td width=\"112\">25x8x4000<\/td>\n<td>Thanh<\/td>\n<\/tr>\n<tr>\n<td>\u0110\u1ed3ng thanh c\u00e1i<\/td>\n<td width=\"112\">25x6x4000<\/td>\n<td>Thanh<\/td>\n<\/tr>\n<tr>\n<td>\u0110\u1ed3ng thanh c\u00e1i<\/td>\n<td width=\"112\">25x5x4000<\/td>\n<td>Thanh<\/td>\n<\/tr>\n<tr>\n<td>\u0110\u1ed3ng thanh c\u00e1i<\/td>\n<td width=\"112\">25x4x4000<\/td>\n<td>Thanh<\/td>\n<\/tr>\n<tr>\n<td>\u0110\u1ed3ng thanh c\u00e1i<\/td>\n<td width=\"112\">25x3x4000<\/td>\n<td>Thanh<\/td>\n<\/tr>\n<tr>\n<td>\u0110\u1ed3ng thanh c\u00e1i<\/td>\n<td width=\"112\">20x8x4000<\/td>\n<td>Thanh<\/td>\n<\/tr>\n<tr>\n<td>\u0110\u1ed3ng thanh c\u00e1i<\/td>\n<td width=\"112\">20x6x4000<\/td>\n<td>Thanh<\/td>\n<\/tr>\n<tr>\n<td>\u0110\u1ed3ng thanh c\u00e1i<\/td>\n<td width=\"112\">20x5x4000<\/td>\n<td>Thanh<\/td>\n<\/tr>\n<tr>\n<td>\u0110\u1ed3ng thanh c\u00e1i<\/td>\n<td width=\"112\">20x4x4000<\/td>\n<td>Thanh<\/td>\n<\/tr>\n<\/tbody>\n<\/table>\n","protected":false},"excerpt":{"rendered":"<p>C\u00f4ng ty Minh H\u00e2n chuy\u00ean cung c\u1ea5p c\u00e1c v\u1eadt t\u01b0 thanh \u0111\u1ed3ng, b\u0103ng \u0111\u1ed3ng v\u1edbi \u0111\u1ee7 c\u00e1c ch\u1ee7ng lo\u1ea1i v\u00e0 k\u00edch c\u1ee1 kh\u00e1c nhau. \u0110\u1ed3ng tr\u00f2n \u0111\u1ed9 d\u00e0i theo y\u00eau c\u1ea7u. \u0110\u1ed3ng phi tr\u00f2n Phi 8 Thanh \u0110\u1ed3ng phi tr\u00f2n Phi 10 Thanh \u0110\u1ed3ng phi tr\u00f2n Phi 12 Thanh \u0110\u1ed3ng phi tr\u00f2n Phi 14 Thanh&#8230;<\/p>\n","protected":false},"featured_media":1388,"comment_status":"closed","ping_status":"closed","template":"","meta":[],"product_cat":[116,66,63],"product_tag":[],"class_list":{"0":"post-1452","1":"product","2":"type-product","3":"status-publish","4":"has-post-thumbnail","6":"product_cat-thanh-dong","7":"product_cat-thanh-dong-dong-cuon","8":"product_cat-coc-tiep-dia-bang-dong-tiep-dia","10":"first","11":"instock","12":"shipping-taxable","13":"product-type-simple"},"_links":{"self":[{"href":"https:\/\/chongsetminhhan.com\/index.php?rest_route=\/wp\/v2\/product\/1452","targetHints":{"allow":["GET"]}}],"collection":[{"href":"https:\/\/chongsetminhhan.com\/index.php?rest_route=\/wp\/v2\/product"}],"about":[{"href":"https:\/\/chongsetminhhan.com\/index.php?rest_route=\/wp\/v2\/types\/product"}],"replies":[{"embeddable":true,"href":"https:\/\/chongsetminhhan.com\/index.php?rest_route=%2Fwp%2Fv2%2Fcomments&post=1452"}],"wp:featuredmedia":[{"embeddable":true,"href":"https:\/\/chongsetminhhan.com\/index.php?rest_route=\/wp\/v2\/media\/1388"}],"wp:attachment":[{"href":"https:\/\/chongsetminhhan.com\/index.php?rest_route=%2Fwp%2Fv2%2Fmedia&parent=1452"}],"wp:term":[{"taxonomy":"product_cat","embeddable":true,"href":"https:\/\/chongsetminhhan.com\/index.php?rest_route=%2Fwp%2Fv2%2Fproduct_cat&post=1452"},{"taxonomy":"product_tag","embeddable":true,"href":"https:\/\/chongsetminhhan.com\/index.php?rest_route=%2Fwp%2Fv2%2Fproduct_tag&post=1452"}],"curies":[{"name":"wp","href":"https:\/\/api.w.org\/{rel}","templated":true}]}}