{"id":1442,"date":"2023-05-24T16:21:29","date_gmt":"2023-05-24T09:21:29","guid":{"rendered":"https:\/\/chongsetminhhan.com\/?post_type=product&#038;p=1442"},"modified":"2023-05-24T16:21:29","modified_gmt":"2023-05-24T09:21:29","slug":"mang-xong-noi-coc","status":"publish","type":"product","link":"https:\/\/chongsetminhhan.com\/?product=mang-xong-noi-coc","title":{"rendered":"M\u0102NG X\u00d4NG N\u1ed0I C\u1eccC"},"content":{"rendered":"<p>M\u0103ng x\u00f4ng d\u00f9ng \u0111\u1ec3 n\u1ed1i 2 c\u1ecdc, c\u00f3 \u0111\u1ea7u ren v\u1eeba v\u1edbi c\u00e1c d\u1ea1ng c\u1ee7a c\u1ecdc D14, D16<\/p>\n<p>\u0110\u01b0\u1ee3c l\u00e0m b\u1eb1ng \u0111\u1ed3ng nguy\u00ean kh\u1ed1i \u0111\u1ea3m b\u1ea3o \u0111\u01b0\u1ee3c k\u1ebft n\u1ed1i gi\u1eefa 2 c\u1ecdc v\u1edbi nhau khi d\u00f9ng l\u00e0m ti\u1ebfp \u0111\u1ecba<\/p>\n","protected":false},"excerpt":{"rendered":"<p>M\u0103ng x\u00f4ng d\u00f9ng \u0111\u1ec3 n\u1ed1i 2 c\u1ecdc, c\u00f3 \u0111\u1ea7u ren v\u1eeba v\u1edbi c\u00e1c d\u1ea1ng c\u1ee7a c\u1ecdc D14, D16 \u0110\u01b0\u1ee3c l\u00e0m b\u1eb1ng \u0111\u1ed3ng nguy\u00ean kh\u1ed1i \u0111\u1ea3m b\u1ea3o \u0111\u01b0\u1ee3c k\u1ebft n\u1ed1i gi\u1eefa 2 c\u1ecdc v\u1edbi nhau khi d\u00f9ng l\u00e0m ti\u1ebfp \u0111\u1ecba<\/p>\n","protected":false},"featured_media":1433,"comment_status":"closed","ping_status":"closed","template":"","meta":[],"product_cat":[69],"product_tag":[],"class_list":{"0":"post-1442","1":"product","2":"type-product","3":"status-publish","4":"has-post-thumbnail","6":"product_cat-cac-loai-kep-noi-tiep-dia","8":"first","9":"instock","10":"shipping-taxable","11":"product-type-simple"},"_links":{"self":[{"href":"https:\/\/chongsetminhhan.com\/index.php?rest_route=\/wp\/v2\/product\/1442","targetHints":{"allow":["GET"]}}],"collection":[{"href":"https:\/\/chongsetminhhan.com\/index.php?rest_route=\/wp\/v2\/product"}],"about":[{"href":"https:\/\/chongsetminhhan.com\/index.php?rest_route=\/wp\/v2\/types\/product"}],"replies":[{"embeddable":true,"href":"https:\/\/chongsetminhhan.com\/index.php?rest_route=%2Fwp%2Fv2%2Fcomments&post=1442"}],"wp:featuredmedia":[{"embeddable":true,"href":"https:\/\/chongsetminhhan.com\/index.php?rest_route=\/wp\/v2\/media\/1433"}],"wp:attachment":[{"href":"https:\/\/chongsetminhhan.com\/index.php?rest_route=%2Fwp%2Fv2%2Fmedia&parent=1442"}],"wp:term":[{"taxonomy":"product_cat","embeddable":true,"href":"https:\/\/chongsetminhhan.com\/index.php?rest_route=%2Fwp%2Fv2%2Fproduct_cat&post=1442"},{"taxonomy":"product_tag","embeddable":true,"href":"https:\/\/chongsetminhhan.com\/index.php?rest_route=%2Fwp%2Fv2%2Fproduct_tag&post=1442"}],"curies":[{"name":"wp","href":"https:\/\/api.w.org\/{rel}","templated":true}]}}