{"id":1441,"date":"2023-05-24T15:54:50","date_gmt":"2023-05-24T08:54:50","guid":{"rendered":"https:\/\/chongsetminhhan.com\/?post_type=product&#038;p=1441"},"modified":"2023-05-24T15:54:50","modified_gmt":"2023-05-24T08:54:50","slug":"kep-chu-u","status":"publish","type":"product","link":"https:\/\/chongsetminhhan.com\/?product=kep-chu-u","title":{"rendered":"K\u1eb8P CH\u1eee U"},"content":{"rendered":"<p>K\u1eb9p ch\u1eef U d\u00f9ng li\u00ean k\u1ebft b\u0103ng \u0111\u1ed3ng v\u00e0 c\u1ecdc ti\u1ebfp \u0111\u1ecba.<\/p>\n<p>K\u1eb9p n\u00e0y c\u00f3 th\u1ec3 d\u00f9ng cho c\u00e1c lo\u1ea1i c\u00e1p to khi kh\u00f4ng d\u00f9ng \u0111\u01b0\u1ee3c k\u1eb9p qu\u1ea3 tr\u00e1m ho\u1eb7c trong \u0111i\u1ec1u ki\u1ec7n kh\u00f4ng th\u1ec3 th\u1ef1c hi\u1ec7n \u0111\u01b0\u1ee3c k\u1eb9p khu\u00e2n h\u00e0n h\u00f3a nhi\u1ec7t.<\/p>\n<p>c\u00e1c m\u1eabu th\u00f4ng d\u1ee5ng d\u00f9ng cho b\u0103ng \u0111\u1ed3ng 25&#215;3; 30&#215;3; 40&#215;4 v\u00e0 c\u1ecdc D14, D16; D20<\/p>\n","protected":false},"excerpt":{"rendered":"<p>K\u1eb9p ch\u1eef U d\u00f9ng li\u00ean k\u1ebft b\u0103ng \u0111\u1ed3ng v\u00e0 c\u1ecdc ti\u1ebfp \u0111\u1ecba. K\u1eb9p n\u00e0y c\u00f3 th\u1ec3 d\u00f9ng cho c\u00e1c lo\u1ea1i c\u00e1p to khi kh\u00f4ng d\u00f9ng \u0111\u01b0\u1ee3c k\u1eb9p qu\u1ea3 tr\u00e1m ho\u1eb7c trong \u0111i\u1ec1u ki\u1ec7n kh\u00f4ng th\u1ec3 th\u1ef1c hi\u1ec7n \u0111\u01b0\u1ee3c k\u1eb9p khu\u00e2n h\u00e0n h\u00f3a nhi\u1ec7t. c\u00e1c m\u1eabu th\u00f4ng d\u1ee5ng d\u00f9ng cho b\u0103ng \u0111\u1ed3ng 25&#215;3; 30&#215;3; 40&#215;4 v\u00e0&#8230;<\/p>\n","protected":false},"featured_media":1423,"comment_status":"closed","ping_status":"closed","template":"","meta":[],"product_cat":[69],"product_tag":[],"class_list":{"0":"post-1441","1":"product","2":"type-product","3":"status-publish","4":"has-post-thumbnail","6":"product_cat-cac-loai-kep-noi-tiep-dia","8":"first","9":"instock","10":"shipping-taxable","11":"product-type-simple"},"_links":{"self":[{"href":"https:\/\/chongsetminhhan.com\/index.php?rest_route=\/wp\/v2\/product\/1441","targetHints":{"allow":["GET"]}}],"collection":[{"href":"https:\/\/chongsetminhhan.com\/index.php?rest_route=\/wp\/v2\/product"}],"about":[{"href":"https:\/\/chongsetminhhan.com\/index.php?rest_route=\/wp\/v2\/types\/product"}],"replies":[{"embeddable":true,"href":"https:\/\/chongsetminhhan.com\/index.php?rest_route=%2Fwp%2Fv2%2Fcomments&post=1441"}],"wp:featuredmedia":[{"embeddable":true,"href":"https:\/\/chongsetminhhan.com\/index.php?rest_route=\/wp\/v2\/media\/1423"}],"wp:attachment":[{"href":"https:\/\/chongsetminhhan.com\/index.php?rest_route=%2Fwp%2Fv2%2Fmedia&parent=1441"}],"wp:term":[{"taxonomy":"product_cat","embeddable":true,"href":"https:\/\/chongsetminhhan.com\/index.php?rest_route=%2Fwp%2Fv2%2Fproduct_cat&post=1441"},{"taxonomy":"product_tag","embeddable":true,"href":"https:\/\/chongsetminhhan.com\/index.php?rest_route=%2Fwp%2Fv2%2Fproduct_tag&post=1441"}],"curies":[{"name":"wp","href":"https:\/\/api.w.org\/{rel}","templated":true}]}}