{"id":1440,"date":"2023-05-24T15:52:02","date_gmt":"2023-05-24T08:52:02","guid":{"rendered":"https:\/\/chongsetminhhan.com\/?post_type=product&#038;p=1440"},"modified":"2023-05-24T15:52:02","modified_gmt":"2023-05-24T08:52:02","slug":"kep-qua-tram","status":"publish","type":"product","link":"https:\/\/chongsetminhhan.com\/?product=kep-qua-tram","title":{"rendered":"K\u1eb8P QU\u1ea2 TR\u00c1M"},"content":{"rendered":"<p>K\u1eb9p qu\u1ea3 tr\u00e1m d\u00f9ng \u0111\u1ec3 li\u00ean k\u1ebft c\u00e1p tho\u00e1t s\u00e9t v\u00e0 c\u1ecdc ti\u1ebfp \u0111\u1ecba.<\/p>\n<p>K\u1eb9p n\u00e0y c\u00f3 th\u1ec3 thao t\u00e1c nhanh g\u1ecdn, d\u1ec5 s\u1eed d\u1ee5ng, d\u00f9ng k\u1eb9p cho c\u00e1p M50; M70 v\u00e0 c\u1ecdc D14, D16<\/p>\n","protected":false},"excerpt":{"rendered":"<p>K\u1eb9p qu\u1ea3 tr\u00e1m d\u00f9ng \u0111\u1ec3 li\u00ean k\u1ebft c\u00e1p tho\u00e1t s\u00e9t v\u00e0 c\u1ecdc ti\u1ebfp \u0111\u1ecba. K\u1eb9p n\u00e0y c\u00f3 th\u1ec3 thao t\u00e1c nhanh g\u1ecdn, d\u1ec5 s\u1eed d\u1ee5ng, d\u00f9ng k\u1eb9p cho c\u00e1p M50; M70 v\u00e0 c\u1ecdc D14, D16<\/p>\n","protected":false},"featured_media":1432,"comment_status":"closed","ping_status":"closed","template":"","meta":[],"product_cat":[69],"product_tag":[],"class_list":{"0":"post-1440","1":"product","2":"type-product","3":"status-publish","4":"has-post-thumbnail","6":"product_cat-cac-loai-kep-noi-tiep-dia","8":"first","9":"instock","10":"shipping-taxable","11":"product-type-simple"},"_links":{"self":[{"href":"https:\/\/chongsetminhhan.com\/index.php?rest_route=\/wp\/v2\/product\/1440","targetHints":{"allow":["GET"]}}],"collection":[{"href":"https:\/\/chongsetminhhan.com\/index.php?rest_route=\/wp\/v2\/product"}],"about":[{"href":"https:\/\/chongsetminhhan.com\/index.php?rest_route=\/wp\/v2\/types\/product"}],"replies":[{"embeddable":true,"href":"https:\/\/chongsetminhhan.com\/index.php?rest_route=%2Fwp%2Fv2%2Fcomments&post=1440"}],"wp:featuredmedia":[{"embeddable":true,"href":"https:\/\/chongsetminhhan.com\/index.php?rest_route=\/wp\/v2\/media\/1432"}],"wp:attachment":[{"href":"https:\/\/chongsetminhhan.com\/index.php?rest_route=%2Fwp%2Fv2%2Fmedia&parent=1440"}],"wp:term":[{"taxonomy":"product_cat","embeddable":true,"href":"https:\/\/chongsetminhhan.com\/index.php?rest_route=%2Fwp%2Fv2%2Fproduct_cat&post=1440"},{"taxonomy":"product_tag","embeddable":true,"href":"https:\/\/chongsetminhhan.com\/index.php?rest_route=%2Fwp%2Fv2%2Fproduct_tag&post=1440"}],"curies":[{"name":"wp","href":"https:\/\/api.w.org\/{rel}","templated":true}]}}