{"id":1315,"date":"2023-05-15T23:24:01","date_gmt":"2023-05-15T16:24:01","guid":{"rendered":"https:\/\/chongsetminhhan.com\/?post_type=product&#038;p=1315"},"modified":"2023-05-24T22:42:34","modified_gmt":"2023-05-24T15:42:34","slug":"cap-dong-ben","status":"publish","type":"product","link":"https:\/\/chongsetminhhan.com\/?product=cap-dong-ben","title":{"rendered":"C\u00e1p \u0111\u1ed3ng b\u1ec7n"},"content":{"rendered":"<p>Ch\u00fang t\u00f4i chuy\u00ean cung c\u1ea5p c\u00e1c s\u1ea3n ph\u1ea7m v\u1ec1 \u0111\u1ed3ng b\u1ec7n : D\u00f9ng c\u00e1c s\u1ee3i nh\u1ecf c\u00f3 \u0111\u01b0\u1eddng k\u00ednh 0.15 t\u1edbi 0.5mm \u0111\u1ec3 b\u1ec7n l\u1ea1i th\u00e0nh nhi\u1ec1u l\u1edbp kh\u00e1c nhau t\u1eeb \u0111\u00f3 \u0111\u01b0a ra d\u1ea1ng tr\u00f2n ho\u1eb7c d\u1eb9t t\u00f9y theo y\u00eau c\u1ea7u c\u1ee7a qu\u00fd kh\u00e1ch<img loading=\"lazy\" decoding=\"async\" class=\"alignnone size-medium wp-image-1316\" src=\"https:\/\/chongsetminhhan.com\/wp-content\/uploads\/2023\/05\/cap-dong-ben-soi-nho-300x300.jpg\" alt=\"\" width=\"300\" height=\"300\" srcset=\"https:\/\/chongsetminhhan.com\/wp-content\/uploads\/2023\/05\/cap-dong-ben-soi-nho-300x300.jpg 300w, https:\/\/chongsetminhhan.com\/wp-content\/uploads\/2023\/05\/cap-dong-ben-soi-nho-150x150.jpg 150w, https:\/\/chongsetminhhan.com\/wp-content\/uploads\/2023\/05\/cap-dong-ben-soi-nho-100x100.jpg 100w, https:\/\/chongsetminhhan.com\/wp-content\/uploads\/2023\/05\/cap-dong-ben-soi-nho.jpg 500w\" sizes=\"auto, (max-width: 300px) 100vw, 300px\" \/><img loading=\"lazy\" decoding=\"async\" class=\"alignnone size-medium wp-image-1317\" src=\"https:\/\/chongsetminhhan.com\/wp-content\/uploads\/2023\/05\/Cap-dong-ben-300x300.jpg\" alt=\"\" width=\"300\" height=\"300\" srcset=\"https:\/\/chongsetminhhan.com\/wp-content\/uploads\/2023\/05\/Cap-dong-ben-300x300.jpg 300w, https:\/\/chongsetminhhan.com\/wp-content\/uploads\/2023\/05\/Cap-dong-ben-150x150.jpg 150w, https:\/\/chongsetminhhan.com\/wp-content\/uploads\/2023\/05\/Cap-dong-ben-100x100.jpg 100w, https:\/\/chongsetminhhan.com\/wp-content\/uploads\/2023\/05\/Cap-dong-ben.jpg 500w\" sizes=\"auto, (max-width: 300px) 100vw, 300px\" \/><\/p>\n","protected":false},"excerpt":{"rendered":"<p>C\u00e1p \u0111\u1ed3ng b\u1ec7n, thanh n\u1ed1i m\u1ec1m<\/p>\n","protected":false},"featured_media":1317,"comment_status":"closed","ping_status":"closed","template":"","meta":[],"product_cat":[117,63],"product_tag":[114,115],"class_list":{"0":"post-1315","1":"product","2":"type-product","3":"status-publish","4":"has-post-thumbnail","6":"product_cat-cap-tiep-dia","7":"product_cat-coc-tiep-dia-bang-dong-tiep-dia","8":"product_tag-cap-dong-ben","9":"product_tag-thanh-noi-tiep-dia","11":"first","12":"instock","13":"shipping-taxable","14":"product-type-simple"},"_links":{"self":[{"href":"https:\/\/chongsetminhhan.com\/index.php?rest_route=\/wp\/v2\/product\/1315","targetHints":{"allow":["GET"]}}],"collection":[{"href":"https:\/\/chongsetminhhan.com\/index.php?rest_route=\/wp\/v2\/product"}],"about":[{"href":"https:\/\/chongsetminhhan.com\/index.php?rest_route=\/wp\/v2\/types\/product"}],"replies":[{"embeddable":true,"href":"https:\/\/chongsetminhhan.com\/index.php?rest_route=%2Fwp%2Fv2%2Fcomments&post=1315"}],"wp:featuredmedia":[{"embeddable":true,"href":"https:\/\/chongsetminhhan.com\/index.php?rest_route=\/wp\/v2\/media\/1317"}],"wp:attachment":[{"href":"https:\/\/chongsetminhhan.com\/index.php?rest_route=%2Fwp%2Fv2%2Fmedia&parent=1315"}],"wp:term":[{"taxonomy":"product_cat","embeddable":true,"href":"https:\/\/chongsetminhhan.com\/index.php?rest_route=%2Fwp%2Fv2%2Fproduct_cat&post=1315"},{"taxonomy":"product_tag","embeddable":true,"href":"https:\/\/chongsetminhhan.com\/index.php?rest_route=%2Fwp%2Fv2%2Fproduct_tag&post=1315"}],"curies":[{"name":"wp","href":"https:\/\/api.w.org\/{rel}","templated":true}]}}