{"id":1275,"date":"2023-03-20T08:18:07","date_gmt":"2023-03-20T01:18:07","guid":{"rendered":"https:\/\/chongsetminhhan.com\/?post_type=product&#038;p=1275"},"modified":"2023-03-20T08:18:07","modified_gmt":"2023-03-20T01:18:07","slug":"bot-giam-dien-tro-dat-gem-tvt","status":"publish","type":"product","link":"https:\/\/chongsetminhhan.com\/?product=bot-giam-dien-tro-dat-gem-tvt","title":{"rendered":"B\u1ed8T GI\u1ea2M \u0110I\u1ec6N TR\u1ede \u0110\u1ea4T GEM TVT"},"content":{"rendered":"<p><strong>Th\u00f4ng Tin Chung:<\/strong><br \/>\n&#8211; B\u1ed9t gi\u1ea3m \u0111i\u1ec7n tr\u1edf \u0111\u1ea5t GEM TVT<br \/>\n&#8211; Lo\u1ea1i: GEM TVT<br \/>\n&#8211; \u0110\u01a1n v\u1ecb: Bao<br \/>\n&#8211; Tr\u1ecdng l\u01b0\u1ee3ng: 11..34 Kg.<br \/>\n&#8211; M\u00e0u s\u1eafc: B\u1ed9t m\u00e0u \u0111en.<br \/>\n&#8211; H\u00e3ng s\u1ea3n xu\u1ea5t:\u00a0<span style=\"color: #141823; font-family: helvetica, arial, sans-serif;\">TVT JSC<\/span><br \/>\n&#8211; Xu\u1ea5t x\u1ee9: Vi\u1ec7t Nam.<br \/>\n&#8211; Th\u1eddi gian b\u1ea3o h\u00e0nh: 12 th\u00e1ng.<\/p>\n<p><strong>\u0110\u1eb7c T\u00ednh K\u1ef9 Thu\u1eadt:<\/strong><br \/>\n&#8211;\u00a0S\u1eed d\u1ee5ng \u0111\u1ec3 gi\u1ea3m \u0111i\u1ec7n tr\u1edf \u0111\u1ea5t c\u1ee7a c\u1ecdc ti\u1ebfp \u0111\u1ecba, d\u00e2y ti\u1ebfp \u0111\u1ecba c\u1ee7a h\u1ec7 th\u1ed1ng ti\u1ebfp \u0111\u1ecba, c\u1ea3i t\u1ea1o \u0111\u1ed9 d\u1eabn \u0111i\u1ec7n trong \u0111\u1ea5t, gi\u00fap t\u1ea3n nhanh d\u00f2ng s\u00e9t trong \u0111\u1ea5t.<br \/>\n&#8211; V\u1eadt li\u1ec7u: Th\u00e0nh ph\u1ea7n ch\u00ednh v\u1eadt li\u1ec7u t\u0103ng \u0111\u1ed9 d\u1eabn \u0111i\u1ec7n c\u1ee7a \u0111\u1ea5t<br \/>\n&#8211; S\u1eed d\u1ee5ng: \u0110\u1ed5 xu\u1ed1ng h\u1ed1 ti\u1ebfp \u0111\u1ea5t, gi\u1ebfng ti\u1ebfp \u0111\u1ea5t, r\u00e3nh ti\u1ebfp \u0111\u1ea5t r\u1ea3i d\u00e2y \u0111\u1ed3ng tr\u1ea7n, b\u00e3i c\u1ecdc ti\u1ebfp \u0111\u1ea5t.<br \/>\n&#8211; D\u1ec5 s\u1eed d\u1ee5ng v\u00e0 thao t\u00e1c, kh\u00f4ng c\u1ea7n b\u1ea3o d\u01b0\u1ee1ng sau khi s\u1eed d\u1ee5ng.<br \/>\n&#8211; B\u1ea3o qu\u1ea3n: Nhi\u1ec7t \u0111\u1ed9 th\u01b0\u1eddng, n\u01a1i kh\u00f4 r\u00e1o v\u00e0 tr\u00e1nh \u1ea9m \u01b0\u1edbt.<\/p>\n","protected":false},"excerpt":{"rendered":"<p><strong>Th\u00f4ng Tin Chung:<\/strong><br \/>\n&#8211; B\u1ed9t gi\u1ea3m \u0111i\u1ec7n tr\u1edf \u0111\u1ea5t GEM TVT<br \/>\n&#8211; Lo\u1ea1i: GEM TVT<br \/>\n&#8211; \u0110\u01a1n v\u1ecb: Bao<br \/>\n&#8211; Tr\u1ecdng l\u01b0\u1ee3ng: 11..34 Kg.<br \/>\n&#8211; M\u00e0u s\u1eafc: B\u1ed9t m\u00e0u \u0111en.<br \/>\n&#8211; H\u00e3ng s\u1ea3n xu\u1ea5t:\u00a0<span style=\"color: #141823; font-family: helvetica, arial, sans-serif;\">TVT JSC<\/span><br \/>\n&#8211; Xu\u1ea5t x\u1ee9: Vi\u1ec7t Nam.<\/p>\n","protected":false},"featured_media":1276,"comment_status":"closed","ping_status":"closed","template":"","meta":[],"product_cat":[65],"product_tag":[111],"class_list":{"0":"post-1275","1":"product","2":"type-product","3":"status-publish","4":"has-post-thumbnail","6":"product_cat-hoa-chat-giam-dien-tro","7":"product_tag-gem-tvt","9":"first","10":"instock","11":"shipping-taxable","12":"product-type-simple"},"_links":{"self":[{"href":"https:\/\/chongsetminhhan.com\/index.php?rest_route=\/wp\/v2\/product\/1275","targetHints":{"allow":["GET"]}}],"collection":[{"href":"https:\/\/chongsetminhhan.com\/index.php?rest_route=\/wp\/v2\/product"}],"about":[{"href":"https:\/\/chongsetminhhan.com\/index.php?rest_route=\/wp\/v2\/types\/product"}],"replies":[{"embeddable":true,"href":"https:\/\/chongsetminhhan.com\/index.php?rest_route=%2Fwp%2Fv2%2Fcomments&post=1275"}],"wp:featuredmedia":[{"embeddable":true,"href":"https:\/\/chongsetminhhan.com\/index.php?rest_route=\/wp\/v2\/media\/1276"}],"wp:attachment":[{"href":"https:\/\/chongsetminhhan.com\/index.php?rest_route=%2Fwp%2Fv2%2Fmedia&parent=1275"}],"wp:term":[{"taxonomy":"product_cat","embeddable":true,"href":"https:\/\/chongsetminhhan.com\/index.php?rest_route=%2Fwp%2Fv2%2Fproduct_cat&post=1275"},{"taxonomy":"product_tag","embeddable":true,"href":"https:\/\/chongsetminhhan.com\/index.php?rest_route=%2Fwp%2Fv2%2Fproduct_tag&post=1275"}],"curies":[{"name":"wp","href":"https:\/\/api.w.org\/{rel}","templated":true}]}}