{"id":1261,"date":"2023-03-20T07:46:51","date_gmt":"2023-03-20T00:46:51","guid":{"rendered":"https:\/\/chongsetminhhan.com\/?post_type=product&#038;p=1261"},"modified":"2023-03-20T07:46:51","modified_gmt":"2023-03-20T00:46:51","slug":"hoa-chat-giam-dien-tro-gem-rr-an-do","status":"publish","type":"product","link":"https:\/\/chongsetminhhan.com\/?product=hoa-chat-giam-dien-tro-gem-rr-an-do","title":{"rendered":"H\u00d3A CH\u1ea4T GI\u1ea2M \u0110I\u1ec6N TR\u1ede GEM RR- \u1ea4N \u0110\u1ed8"},"content":{"rendered":"<div><u><em>Chi ti\u1ebft s\u1ea3n ph\u1ea9m<\/em><\/u>:<\/div>\n<div>&#8211;\u00a0Xu\u1ea5t x\u1ee9: \u1ea4n \u0110\u1ed9<\/div>\n<div>&#8211;\u00a0Nh\u00e3n hi\u1ec7u: Ramratna<\/div>\n<div><span style=\"color: #333333; font-family: Roboto, Open Sans, Kanit, sans-serif;\">&#8211;\u00a0<\/span>S\u1ea3n ph\u1ea9m \u0111\u01b0\u1ee3c ch\u00fang t\u00f4i nh\u1eadp kh\u1ea9u tr\u1ef1c ti\u1ebfp t\u1eeb \u1ea4n \u0110\u1ed9, c\u00f3 \u0111\u1ea7y \u0111\u1ee7 gi\u1ea5y t\u1edd CO, CQ.<\/div>\n<div>&#8211; S\u1ea3n ph\u1ea9m \u0111\u01b0\u1ee3c \u0111\u00f3ng g\u00f3i th\u00e0nh t\u1eebng bao nh\u1ecf, kho\u1ea3ng 11.5kg\/bao v\u00e0 c\u00f3 thi\u1ebft k\u1ebf quai c\u1ea7m ch\u1eafc ch\u1eafn, d\u1ec5 v\u1eadn chuy\u1ec3n.<\/div>\n<div>&#8211; Th\u1eddi gian cung c\u1ea5p: Cung c\u1ea5p ngay sau khi c\u00f3 \u0111\u01a1n \u0111\u1eb7t h\u00e0ng<\/div>\n<div>&#8211; B\u1ea3o h\u00e0nh: 12 th\u00e1ng<\/div>\n<div><\/div>\n<div><u><em>\u0110\u1eb7c t\u00ednh k\u1ef9 thu\u1eadt<\/em><\/u>:<\/div>\n<div>\n<div>&#8211;\u00a0H\u00f3a ch\u1ea5t gi\u1ea3m \u0111i\u1ec7n tr\u1edf \u0111\u1ea5t Ramratna RR l\u00e0 h\u1ee3p ch\u1ea5t g\u1ed3m b\u1ed9t than ch\u00ec, xim\u0103ng poocl\u0103ng v\u00e0 m\u1ed9t s\u1ed1 ho\u00e1 ch\u1ea5t \u0111\u1eb7c bi\u1ec7t kh\u00e1c<\/div>\n<div>&#8211;\u00a0C\u00f3 t\u00e1c d\u1ee5ng t\u0103ng c\u01b0\u1eddng hi\u1ec7u qu\u1ea3 c\u1ee7a h\u1ec7 th\u1ed1ng ti\u1ebfp \u0111\u1ecba \u1edf nh\u1eefng v\u00f9ng c\u00f3 \u0111i\u1ec7n tr\u1edf su\u1ea5t \u0111\u1ea5t cao, \u0111\u1eb7c bi\u1ec7t l\u00e0 nh\u1eefng khu v\u1ef1c \u0111\u1ed3i n\u00fai, \u0111\u00e1 s\u1ecfi kh\u00f4 c\u1eb1n.<\/div>\n<div>&#8211; V\u1eadt t\u01b0 ti\u1ebfp \u0111\u1ecba n\u00e0y l\u00e0m gi\u1ea3m \u0111i\u1ec7n tr\u1edf \u0111\u1ea5t t\u1eeb 60% \u0111\u1ebfn 90%.<\/div>\n<div>&#8211; Theo th\u1ed1ng k\u00ea, \u0111i\u1ec7n tr\u1edf su\u1ea5t trung b\u00ecnh c\u1ee7a n\u00f3 \u0111\u1ea1t kho\u1ea3ng 2 Ohm-cm.<\/div>\n<\/div>\n","protected":false},"excerpt":{"rendered":"<p>Gem Ramratna c\u00f3 th\u00e0nh ph\u1ea7n h\u00f3a h\u1ecdc gi\u1ed1ng v\u1edbi Gem BFC \u0111em l\u1ea1i hi\u1ec7u qu\u1ea3 cao trong qu\u00e1 tr\u00ecnh s\u1eed d\u1ee5ng, c\u00f3 t\u00e1c d\u1ee5ng l\u00e0m \u1ed5n \u0111\u1ecbnh v\u00e0 gi\u1ea3m \u0111i\u1ec7n tr\u1edf \u0111\u1ea5t, ch\u1ed1ng b\u1ecb r\u1eeda tr\u00f4i.<\/p>\n","protected":false},"featured_media":1248,"comment_status":"closed","ping_status":"closed","template":"","meta":[],"product_cat":[65],"product_tag":[],"class_list":{"0":"post-1261","1":"product","2":"type-product","3":"status-publish","4":"has-post-thumbnail","6":"product_cat-hoa-chat-giam-dien-tro","8":"first","9":"instock","10":"shipping-taxable","11":"product-type-simple"},"_links":{"self":[{"href":"https:\/\/chongsetminhhan.com\/index.php?rest_route=\/wp\/v2\/product\/1261","targetHints":{"allow":["GET"]}}],"collection":[{"href":"https:\/\/chongsetminhhan.com\/index.php?rest_route=\/wp\/v2\/product"}],"about":[{"href":"https:\/\/chongsetminhhan.com\/index.php?rest_route=\/wp\/v2\/types\/product"}],"replies":[{"embeddable":true,"href":"https:\/\/chongsetminhhan.com\/index.php?rest_route=%2Fwp%2Fv2%2Fcomments&post=1261"}],"wp:featuredmedia":[{"embeddable":true,"href":"https:\/\/chongsetminhhan.com\/index.php?rest_route=\/wp\/v2\/media\/1248"}],"wp:attachment":[{"href":"https:\/\/chongsetminhhan.com\/index.php?rest_route=%2Fwp%2Fv2%2Fmedia&parent=1261"}],"wp:term":[{"taxonomy":"product_cat","embeddable":true,"href":"https:\/\/chongsetminhhan.com\/index.php?rest_route=%2Fwp%2Fv2%2Fproduct_cat&post=1261"},{"taxonomy":"product_tag","embeddable":true,"href":"https:\/\/chongsetminhhan.com\/index.php?rest_route=%2Fwp%2Fv2%2Fproduct_tag&post=1261"}],"curies":[{"name":"wp","href":"https:\/\/api.w.org\/{rel}","templated":true}]}}