{"id":1259,"date":"2023-03-20T07:43:34","date_gmt":"2023-03-20T00:43:34","guid":{"rendered":"https:\/\/chongsetminhhan.com\/?post_type=product&#038;p=1259"},"modified":"2023-05-24T15:49:12","modified_gmt":"2023-05-24T08:49:12","slug":"kim-thu-set-stormater-lpi","status":"publish","type":"product","link":"https:\/\/chongsetminhhan.com\/?product=kim-thu-set-stormater-lpi","title":{"rendered":"KIM THU S\u00c9T STORMATER &#8211; LPI"},"content":{"rendered":"<p><u><em>Chi ti\u1ebft s\u1ea3n ph\u1ea9m<\/em><\/u>:<\/p>\n<div>&#8211; T\u00ean s\u1ea3n ph\u1ea9m: Kim thu s\u00e9t Stromaster LPI ESE 15,30,45,60<\/div>\n<div>&#8211; B\u00e1n k\u00ednh b\u1ea3o v\u1ec7: 51 &#8211; 107m<\/div>\n<div>&#8211; C\u00f4ng d\u1ee5ng:\u00a0S\u1eed d\u1ee5ng l\u1eafp \u0111\u1eb7t h\u1ec7 th\u1ed1ng ch\u1ed1ng s\u00e9t tr\u1ef1c ti\u1ebfp<\/div>\n<div>&#8211; H\u00e3ng s\u1ea3n xu\u1ea5t:\u00a0Stromaster<\/div>\n<div>&#8211; Model: ESE &#8230;.<\/div>\n<div>&#8211; B\u1ea3o h\u00e0nh: 12 th\u00e1ng<\/div>\n<div>&#8211;\u00a0Xu\u1ea5t x\u1ee9:\u00a0<span style=\"font-family: Arial, Helvetica, sans-serif;\">\u00dac<\/span><\/div>\n<div>\n<div>\n<div><\/div>\n<\/div>\n<\/div>\n<div><u><em>Ch\u00ednh s\u00e1ch h\u1ed7 tr\u1ee3<\/em><\/u>:<\/div>\n<div>&#8211; Cung c\u1ea5p CO\/CQ v\u00e0 t\u00e0i li\u1ec7u k\u1ef9 thu\u1eadt.<\/div>\n<div>&#8211; T\u01b0 v\u1ea5n l\u1eafp \u0111\u1eb7t mi\u1ec5n ph\u00ed.<\/div>\n<div>&#8211; H\u1ed7 tr\u1ee3 thi c\u00f4ng l\u1eafp \u0111\u1eb7t v\u00e0 ti\u1ebfp \u0111\u1ecba.<\/div>\n","protected":false},"excerpt":{"rendered":"<p>Kim thu s\u00e9t Stromaster LPI ESE\u00a0 cung c\u1ea5p c\u00e1c \u0111\u1ea7u thu s\u00e9t an to\u00e0n v\u00e0 hi\u1ec7u qu\u1ea3 \u0111\u1ec3 b\u1ea3o v\u1ec7 thi\u1ebft b\u1ecb ch\u1ed1ng s\u00e9t \u0111\u00e1nh tr\u1ef1c ti\u1ebfp. Thi\u1ebft b\u1ecb n\u00e0y s\u1ebd thu gi\u1eef n\u0103ng l\u01b0\u1ee3ng t\u1ea1i v\u1ecb tr\u00ed th\u00edch h\u1ee3p, sau \u0111\u00f3 n\u0103ng l\u01b0\u1ee3ng n\u00e0y s\u1ebd \u0111\u01b0\u1ee3c chuy\u1ec3n xu\u1ed1ng \u0111\u1ea5t qua h\u1ec7 th\u00f4ng d\u00e2y d\u1eabn s\u00e9t.<\/p>\n","protected":false},"featured_media":1260,"comment_status":"closed","ping_status":"closed","template":"","meta":[],"product_cat":[49],"product_tag":[],"class_list":{"0":"post-1259","1":"product","2":"type-product","3":"status-publish","4":"has-post-thumbnail","6":"product_cat-kim-thu-set-stormaster-lpi-uc","8":"first","9":"instock","10":"shipping-taxable","11":"product-type-simple"},"_links":{"self":[{"href":"https:\/\/chongsetminhhan.com\/index.php?rest_route=\/wp\/v2\/product\/1259","targetHints":{"allow":["GET"]}}],"collection":[{"href":"https:\/\/chongsetminhhan.com\/index.php?rest_route=\/wp\/v2\/product"}],"about":[{"href":"https:\/\/chongsetminhhan.com\/index.php?rest_route=\/wp\/v2\/types\/product"}],"replies":[{"embeddable":true,"href":"https:\/\/chongsetminhhan.com\/index.php?rest_route=%2Fwp%2Fv2%2Fcomments&post=1259"}],"wp:featuredmedia":[{"embeddable":true,"href":"https:\/\/chongsetminhhan.com\/index.php?rest_route=\/wp\/v2\/media\/1260"}],"wp:attachment":[{"href":"https:\/\/chongsetminhhan.com\/index.php?rest_route=%2Fwp%2Fv2%2Fmedia&parent=1259"}],"wp:term":[{"taxonomy":"product_cat","embeddable":true,"href":"https:\/\/chongsetminhhan.com\/index.php?rest_route=%2Fwp%2Fv2%2Fproduct_cat&post=1259"},{"taxonomy":"product_tag","embeddable":true,"href":"https:\/\/chongsetminhhan.com\/index.php?rest_route=%2Fwp%2Fv2%2Fproduct_tag&post=1259"}],"curies":[{"name":"wp","href":"https:\/\/api.w.org\/{rel}","templated":true}]}}