{"id":1257,"date":"2023-03-20T07:40:18","date_gmt":"2023-03-20T00:40:18","guid":{"rendered":"https:\/\/chongsetminhhan.com\/?post_type=product&#038;p=1257"},"modified":"2023-03-20T07:40:18","modified_gmt":"2023-03-20T00:40:18","slug":"kim-thu-set-aiditec-sigma","status":"publish","type":"product","link":"https:\/\/chongsetminhhan.com\/?product=kim-thu-set-aiditec-sigma","title":{"rendered":"KIM THU S\u00c9T AIDITEC SIGMA"},"content":{"rendered":"<p><u><em>Chi ti\u1ebft s\u1ea3n ph\u1ea9m<\/em><\/u>:<\/p>\n<div>&#8211; T\u00ean s\u1ea3n ph\u1ea9m: Kim thu s\u00e9t Aiditec SIGMA 15,25,40,55,65,75<\/div>\n<div>&#8211; B\u00e1n k\u00ednh b\u1ea3o v\u1ec7: 59-120m<\/div>\n<div>&#8211; C\u00f4ng d\u1ee5ng:\u00a0S\u1eed d\u1ee5ng l\u1eafp \u0111\u1eb7t h\u1ec7 th\u1ed1ng ch\u1ed1ng s\u00e9t tr\u1ef1c ti\u1ebfp<\/div>\n<div>&#8211; H\u00e3ng s\u1ea3n xu\u1ea5t:\u00a0Aiditec<\/div>\n<div>&#8211; Model: SIGMA &#8230;<\/div>\n<div>&#8211; B\u1ea3o h\u00e0nh: 12 th\u00e1ng<\/div>\n<div>&#8211;\u00a0Xu\u1ea5t x\u1ee9:\u00a0<span style=\"font-family: Arial, Helvetica, sans-serif;\">T\u00e2y Ban Nha<\/span><\/div>\n","protected":false},"excerpt":{"rendered":"<p>Kim thu s\u00e9t Aiditec ELECTRON R-15 l\u00e0 d\u00f2ng kim thu s\u00e9t hi\u1ec7n \u0111\u1ea1i ph\u00e1t x\u1ea1 s\u1edbm tia ti\u00ean \u0111\u1ea1o, l\u00e0 s\u1ea3n ph\u1ea9m c\u1ee7a h\u00e3ng AIDITEC danh ti\u1ebfng \u0111\u1ebfn t\u1eeb T\u00e2y Ban Nha.<\/p>\n","protected":false},"featured_media":1258,"comment_status":"closed","ping_status":"closed","template":"","meta":[],"product_cat":[48],"product_tag":[106,107],"class_list":{"0":"post-1257","1":"product","2":"type-product","3":"status-publish","4":"has-post-thumbnail","6":"product_cat-kim-thu-set-sigma-tbn","7":"product_tag-aditec","8":"product_tag-sigma","10":"first","11":"instock","12":"shipping-taxable","13":"product-type-simple"},"_links":{"self":[{"href":"https:\/\/chongsetminhhan.com\/index.php?rest_route=\/wp\/v2\/product\/1257","targetHints":{"allow":["GET"]}}],"collection":[{"href":"https:\/\/chongsetminhhan.com\/index.php?rest_route=\/wp\/v2\/product"}],"about":[{"href":"https:\/\/chongsetminhhan.com\/index.php?rest_route=\/wp\/v2\/types\/product"}],"replies":[{"embeddable":true,"href":"https:\/\/chongsetminhhan.com\/index.php?rest_route=%2Fwp%2Fv2%2Fcomments&post=1257"}],"wp:featuredmedia":[{"embeddable":true,"href":"https:\/\/chongsetminhhan.com\/index.php?rest_route=\/wp\/v2\/media\/1258"}],"wp:attachment":[{"href":"https:\/\/chongsetminhhan.com\/index.php?rest_route=%2Fwp%2Fv2%2Fmedia&parent=1257"}],"wp:term":[{"taxonomy":"product_cat","embeddable":true,"href":"https:\/\/chongsetminhhan.com\/index.php?rest_route=%2Fwp%2Fv2%2Fproduct_cat&post=1257"},{"taxonomy":"product_tag","embeddable":true,"href":"https:\/\/chongsetminhhan.com\/index.php?rest_route=%2Fwp%2Fv2%2Fproduct_tag&post=1257"}],"curies":[{"name":"wp","href":"https:\/\/api.w.org\/{rel}","templated":true}]}}