{"id":1203,"date":"2023-03-19T08:15:03","date_gmt":"2023-03-19T01:15:03","guid":{"rendered":"https:\/\/chongsetminhhan.com\/?post_type=product&#038;p=1203"},"modified":"2023-03-19T08:15:03","modified_gmt":"2023-03-19T01:15:03","slug":"v20-3npe-280-280v-3pnpe","status":"publish","type":"product","link":"https:\/\/chongsetminhhan.com\/?product=v20-3npe-280-280v-3pnpe","title":{"rendered":"V20-3+NPE- 280 (280V, 3P+NPE)"},"content":{"rendered":"<p>Thi\u1ebft b\u1ecb ch\u1ed1ng s\u00e9t ngu\u1ed3n AC,<br \/>\nph\u00f9 h\u1ee3p cho c\u00e1c ki\u1ec3u c\u1ea5u tr\u00fac h\u1ec7 th\u1ed1ng l\u01b0\u1edbi \u0111i\u1ec7n TN-CS, TN-S, TT (cho model c\u00f3 +NPE). Spec: 3 pha v\u00e0 NPE, \u0110i\u1ec7n \u00e1p \u0111\u1ecbnh m\u1ee9c: UC = 280V\/385V\/550V. D\u00f2ng xung Iimp(8\/20\u03bcs)= 40, 75, 110, 150 kA. M\u1ee9c \u0111i\u1ec7n \u00e1p b\u1ea3o v\u1ec7: Up &lt;1.3 kV th\u1eddi gian ph\u1ea3n h\u1ed3i &lt;25ns, DIN rail 35mm.<\/p>\n","protected":false},"excerpt":{"rendered":"<h1 class=\"product_title entry-title\">V20-3+NPE- 280 (280V, 3P+NPE, In 20kA\/P, Imax 40kA\/P) ( Ch\u1ed1ng xung lan truy\u1ec1n ( xung 8\/20 ) tr\u00ean \u0111\u01b0\u1eddng ngu\u1ed3n cho t\u1ee7 nh\u1eafn<\/h1>\n","protected":false},"featured_media":1204,"comment_status":"closed","ping_status":"closed","template":"","meta":[],"product_cat":[57],"product_tag":[],"class_list":{"0":"post-1203","1":"product","2":"type-product","3":"status-publish","4":"has-post-thumbnail","6":"product_cat-obo","8":"first","9":"instock","10":"shipping-taxable","11":"product-type-simple"},"_links":{"self":[{"href":"https:\/\/chongsetminhhan.com\/index.php?rest_route=\/wp\/v2\/product\/1203","targetHints":{"allow":["GET"]}}],"collection":[{"href":"https:\/\/chongsetminhhan.com\/index.php?rest_route=\/wp\/v2\/product"}],"about":[{"href":"https:\/\/chongsetminhhan.com\/index.php?rest_route=\/wp\/v2\/types\/product"}],"replies":[{"embeddable":true,"href":"https:\/\/chongsetminhhan.com\/index.php?rest_route=%2Fwp%2Fv2%2Fcomments&post=1203"}],"wp:featuredmedia":[{"embeddable":true,"href":"https:\/\/chongsetminhhan.com\/index.php?rest_route=\/wp\/v2\/media\/1204"}],"wp:attachment":[{"href":"https:\/\/chongsetminhhan.com\/index.php?rest_route=%2Fwp%2Fv2%2Fmedia&parent=1203"}],"wp:term":[{"taxonomy":"product_cat","embeddable":true,"href":"https:\/\/chongsetminhhan.com\/index.php?rest_route=%2Fwp%2Fv2%2Fproduct_cat&post=1203"},{"taxonomy":"product_tag","embeddable":true,"href":"https:\/\/chongsetminhhan.com\/index.php?rest_route=%2Fwp%2Fv2%2Fproduct_tag&post=1203"}],"curies":[{"name":"wp","href":"https:\/\/api.w.org\/{rel}","templated":true}]}}