{"id":1196,"date":"2023-03-19T08:05:32","date_gmt":"2023-03-19T01:05:32","guid":{"rendered":"https:\/\/chongsetminhhan.com\/?post_type=product&#038;p=1196"},"modified":"2023-03-19T08:05:33","modified_gmt":"2023-03-19T01:05:33","slug":"sf332-480-10050-aimcb-dong-tai-32a","status":"publish","type":"product","link":"https:\/\/chongsetminhhan.com\/?product=sf332-480-10050-aimcb-dong-tai-32a","title":{"rendered":"SF332-480-100+50-AIMCB d\u00f2ng t\u1ea3i 32A"},"content":{"rendered":"","protected":false},"excerpt":{"rendered":"<h1 class=\"product_title entry-title\">SF332-480-100+50-AIMCB d\u00f2ng t\u1ea3i 32A, ch\u1ecbu qu\u00e1 \u00e1p li\u00ean t\u1ee5c l\u00ean \u0111\u1ebfn 480V<\/h1>\n","protected":false},"featured_media":1193,"comment_status":"closed","ping_status":"closed","template":"","meta":[],"product_cat":[55],"product_tag":[],"class_list":{"0":"post-1196","1":"product","2":"type-product","3":"status-publish","4":"has-post-thumbnail","6":"product_cat-lpi","8":"first","9":"instock","10":"shipping-taxable","11":"product-type-simple"},"_links":{"self":[{"href":"https:\/\/chongsetminhhan.com\/index.php?rest_route=\/wp\/v2\/product\/1196","targetHints":{"allow":["GET"]}}],"collection":[{"href":"https:\/\/chongsetminhhan.com\/index.php?rest_route=\/wp\/v2\/product"}],"about":[{"href":"https:\/\/chongsetminhhan.com\/index.php?rest_route=\/wp\/v2\/types\/product"}],"replies":[{"embeddable":true,"href":"https:\/\/chongsetminhhan.com\/index.php?rest_route=%2Fwp%2Fv2%2Fcomments&post=1196"}],"wp:featuredmedia":[{"embeddable":true,"href":"https:\/\/chongsetminhhan.com\/index.php?rest_route=\/wp\/v2\/media\/1193"}],"wp:attachment":[{"href":"https:\/\/chongsetminhhan.com\/index.php?rest_route=%2Fwp%2Fv2%2Fmedia&parent=1196"}],"wp:term":[{"taxonomy":"product_cat","embeddable":true,"href":"https:\/\/chongsetminhhan.com\/index.php?rest_route=%2Fwp%2Fv2%2Fproduct_cat&post=1196"},{"taxonomy":"product_tag","embeddable":true,"href":"https:\/\/chongsetminhhan.com\/index.php?rest_route=%2Fwp%2Fv2%2Fproduct_tag&post=1196"}],"curies":[{"name":"wp","href":"https:\/\/api.w.org\/{rel}","templated":true}]}}