{"id":1192,"date":"2023-03-19T08:02:24","date_gmt":"2023-03-19T01:02:24","guid":{"rendered":"https:\/\/chongsetminhhan.com\/?post_type=product&#038;p=1192"},"modified":"2023-03-19T08:02:24","modified_gmt":"2023-03-19T01:02:24","slug":"sf3125-480-10050-aimcb-dong-tai-125a","status":"publish","type":"product","link":"https:\/\/chongsetminhhan.com\/?product=sf3125-480-10050-aimcb-dong-tai-125a","title":{"rendered":"SF3125-480-100+50-AIMCB d\u00f2ng t\u1ea3i 125A"},"content":{"rendered":"<p>T\u1ee6 C\u1eaeT L\u1eccC S\u00c9T LAN TRUY\u1ec0N<br \/>\n\u0110I\u1ec6N NGU\u1ed2N 03 PHA,l\u1eafp n\u1ed1i ti\u1ebfp CB,<br \/>\nd\u00f2ng s\u00e9t s\u01a1 c\u1ea5p 100kA, th\u1ee9 c\u1ea5p 50kA,<br \/>\nd\u00f2ng s\u00e9t b\u1ea3o v\u1ec7 trung t\u00ednh \u0111\u1ea5t (N-E) =<br \/>\n100kA, c\u00f3 \u0111\u00e8n LED, b\u1ed9 \u0111\u1ebfm \u0111\u01b0\u1ee3c t\u00edch<br \/>\nh\u1ee3p b\u00ean trong. D\u00f9ng App tr\u00ean \u0111i\u1ec7n<br \/>\ntho\u1ea1i \u0111\u1ec3 ki\u1ec3m tra s\u1ea3n ph\u1ea9m<br \/>\n( W x H x D ) 400x400x150<br \/>\nc\u00e2n n\u1eb7ng : 11 kg<\/p>\n","protected":false},"excerpt":{"rendered":"<h1 class=\"product_title entry-title\">SF3125-480-100+50-AIMCB d\u00f2ng t\u1ea3i 125A, ch\u1ecbu qu\u00e1 \u00e1p li\u00ean t\u1ee5c l\u00ean \u0111\u1ebfn 480V<\/h1>\n","protected":false},"featured_media":1193,"comment_status":"closed","ping_status":"closed","template":"","meta":[],"product_cat":[15],"product_tag":[],"class_list":{"0":"post-1192","1":"product","2":"type-product","3":"status-publish","4":"has-post-thumbnail","6":"product_cat-chua-phan-loai","8":"first","9":"instock","10":"shipping-taxable","11":"product-type-simple"},"_links":{"self":[{"href":"https:\/\/chongsetminhhan.com\/index.php?rest_route=\/wp\/v2\/product\/1192","targetHints":{"allow":["GET"]}}],"collection":[{"href":"https:\/\/chongsetminhhan.com\/index.php?rest_route=\/wp\/v2\/product"}],"about":[{"href":"https:\/\/chongsetminhhan.com\/index.php?rest_route=\/wp\/v2\/types\/product"}],"replies":[{"embeddable":true,"href":"https:\/\/chongsetminhhan.com\/index.php?rest_route=%2Fwp%2Fv2%2Fcomments&post=1192"}],"wp:featuredmedia":[{"embeddable":true,"href":"https:\/\/chongsetminhhan.com\/index.php?rest_route=\/wp\/v2\/media\/1193"}],"wp:attachment":[{"href":"https:\/\/chongsetminhhan.com\/index.php?rest_route=%2Fwp%2Fv2%2Fmedia&parent=1192"}],"wp:term":[{"taxonomy":"product_cat","embeddable":true,"href":"https:\/\/chongsetminhhan.com\/index.php?rest_route=%2Fwp%2Fv2%2Fproduct_cat&post=1192"},{"taxonomy":"product_tag","embeddable":true,"href":"https:\/\/chongsetminhhan.com\/index.php?rest_route=%2Fwp%2Fv2%2Fproduct_tag&post=1192"}],"curies":[{"name":"wp","href":"https:\/\/api.w.org\/{rel}","templated":true}]}}