{"id":1179,"date":"2023-03-19T07:45:09","date_gmt":"2023-03-19T00:45:09","guid":{"rendered":"https:\/\/chongsetminhhan.com\/?post_type=product&#038;p=1179"},"modified":"2023-03-19T07:45:09","modified_gmt":"2023-03-19T00:45:09","slug":"3ppm50ka-480-ne100-aimcb-tu-cat-set-lan-truyen-dien-nguon-3-pha","status":"publish","type":"product","link":"https:\/\/chongsetminhhan.com\/?product=3ppm50ka-480-ne100-aimcb-tu-cat-set-lan-truyen-dien-nguon-3-pha","title":{"rendered":"3PPM50kA-480-NE100-AIMCB T\u1ee6 C\u1eaeT S\u00c9T LAN TRUY\u1ec0N \u0110I\u1ec6N NGU\u1ed2N 3 PHA"},"content":{"rendered":"<p>T\u1ee7 c\u1eaft s\u00e9t 03 pha, d\u00f2ng s\u00e9t 50KA, kh\u00f4ng ph\u1ee5<br \/>\nthu\u1ed9c d\u00f2ng t\u1ea3i, l\u1eafp song song CB, c\u00f3 \u0111\u00e8n LED, b\u1ed9<br \/>\n\u0111\u1ebfm \u0111\u01b0\u1ee3c t\u00edch h\u1ee3p b\u00ean trong. D\u00f9ng App tr\u00ean \u0111i\u1ec7n<br \/>\ntho\u1ea1i \u0111\u1ec3 ki\u1ec3m tra s\u1ea3n ph\u1ea9m<\/p>\n","protected":false},"excerpt":{"rendered":"<h1 class=\"product_title entry-title\">3PPM50kA-480-NE100-AIMCB T\u1ee6 C\u1eaeT S\u00c9T LAN TRUY\u1ec0N \u0110I\u1ec6N NGU\u1ed2N 3 PHA<\/h1>\n","protected":false},"featured_media":1180,"comment_status":"closed","ping_status":"closed","template":"","meta":[],"product_cat":[55],"product_tag":[104],"class_list":{"0":"post-1179","1":"product","2":"type-product","3":"status-publish","4":"has-post-thumbnail","6":"product_cat-lpi","7":"product_tag-thiet-bi-lpi","9":"first","10":"instock","11":"shipping-taxable","12":"product-type-simple"},"_links":{"self":[{"href":"https:\/\/chongsetminhhan.com\/index.php?rest_route=\/wp\/v2\/product\/1179","targetHints":{"allow":["GET"]}}],"collection":[{"href":"https:\/\/chongsetminhhan.com\/index.php?rest_route=\/wp\/v2\/product"}],"about":[{"href":"https:\/\/chongsetminhhan.com\/index.php?rest_route=\/wp\/v2\/types\/product"}],"replies":[{"embeddable":true,"href":"https:\/\/chongsetminhhan.com\/index.php?rest_route=%2Fwp%2Fv2%2Fcomments&post=1179"}],"wp:featuredmedia":[{"embeddable":true,"href":"https:\/\/chongsetminhhan.com\/index.php?rest_route=\/wp\/v2\/media\/1180"}],"wp:attachment":[{"href":"https:\/\/chongsetminhhan.com\/index.php?rest_route=%2Fwp%2Fv2%2Fmedia&parent=1179"}],"wp:term":[{"taxonomy":"product_cat","embeddable":true,"href":"https:\/\/chongsetminhhan.com\/index.php?rest_route=%2Fwp%2Fv2%2Fproduct_cat&post=1179"},{"taxonomy":"product_tag","embeddable":true,"href":"https:\/\/chongsetminhhan.com\/index.php?rest_route=%2Fwp%2Fv2%2Fproduct_tag&post=1179"}],"curies":[{"name":"wp","href":"https:\/\/api.w.org\/{rel}","templated":true}]}}