{"id":1168,"date":"2023-03-19T07:33:51","date_gmt":"2023-03-19T00:33:51","guid":{"rendered":"https:\/\/chongsetminhhan.com\/?post_type=product&#038;p=1168"},"modified":"2023-03-19T07:33:51","modified_gmt":"2023-03-19T00:33:51","slug":"ne100-thiet-bi-chong-set-trung-tinh-dat","status":"publish","type":"product","link":"https:\/\/chongsetminhhan.com\/?product=ne100-thiet-bi-chong-set-trung-tinh-dat","title":{"rendered":"NE100 Thi\u1ebft b\u1ecb ch\u1ed1ng s\u00e9t trung t\u00ednh \u0111\u1ea5t"},"content":{"rendered":"<h1 class=\"product_title entry-title\">NE100 Thi\u1ebft b\u1ecb ch\u1ed1ng s\u00e9t trung t\u00ednh \u0111\u1ea5t, d\u00f2ng s\u00e9t 100kA, xung 10\/350\u00b5s<\/h1>\n","protected":false},"excerpt":{"rendered":"<p>NE100 Thi\u1ebft b\u1ecb ch\u1ed1ng s\u00e9t trung t\u00ednh \u0111\u1ea5t, d\u00f2ng s\u00e9t 100kA, xung 10\/350\u00b5s<\/p>\n","protected":false},"featured_media":1169,"comment_status":"closed","ping_status":"closed","template":"","meta":[],"product_cat":[55],"product_tag":[104],"class_list":{"0":"post-1168","1":"product","2":"type-product","3":"status-publish","4":"has-post-thumbnail","6":"product_cat-lpi","7":"product_tag-thiet-bi-lpi","9":"first","10":"instock","11":"shipping-taxable","12":"product-type-simple"},"_links":{"self":[{"href":"https:\/\/chongsetminhhan.com\/index.php?rest_route=\/wp\/v2\/product\/1168","targetHints":{"allow":["GET"]}}],"collection":[{"href":"https:\/\/chongsetminhhan.com\/index.php?rest_route=\/wp\/v2\/product"}],"about":[{"href":"https:\/\/chongsetminhhan.com\/index.php?rest_route=\/wp\/v2\/types\/product"}],"replies":[{"embeddable":true,"href":"https:\/\/chongsetminhhan.com\/index.php?rest_route=%2Fwp%2Fv2%2Fcomments&post=1168"}],"wp:featuredmedia":[{"embeddable":true,"href":"https:\/\/chongsetminhhan.com\/index.php?rest_route=\/wp\/v2\/media\/1169"}],"wp:attachment":[{"href":"https:\/\/chongsetminhhan.com\/index.php?rest_route=%2Fwp%2Fv2%2Fmedia&parent=1168"}],"wp:term":[{"taxonomy":"product_cat","embeddable":true,"href":"https:\/\/chongsetminhhan.com\/index.php?rest_route=%2Fwp%2Fv2%2Fproduct_cat&post=1168"},{"taxonomy":"product_tag","embeddable":true,"href":"https:\/\/chongsetminhhan.com\/index.php?rest_route=%2Fwp%2Fv2%2Fproduct_tag&post=1168"}],"curies":[{"name":"wp","href":"https:\/\/api.w.org\/{rel}","templated":true}]}}