{"id":1166,"date":"2023-03-19T07:23:36","date_gmt":"2023-03-19T00:23:36","guid":{"rendered":"https:\/\/chongsetminhhan.com\/?post_type=product&#038;p=1166"},"modified":"2023-03-19T07:23:36","modified_gmt":"2023-03-19T00:23:36","slug":"aimcb-module-canh-bao","status":"publish","type":"product","link":"https:\/\/chongsetminhhan.com\/?product=aimcb-module-canh-bao","title":{"rendered":"AIMCB Module c\u1ea3nh b\u00e1o"},"content":{"rendered":"<p>Module d\u00f9ng \u0111\u1ec3 thay th\u1ebf trong tr\u01b0\u1eddng h\u1ee3p module tr\u00ean thi\u1ebft b\u1ecb kh\u00f4ng ho\u1ea1t \u0111\u1ed9ng<\/p>\n","protected":false},"excerpt":{"rendered":"<p>Module d\u00f9ng \u0111\u1ec3 thay th\u1ebf trong tr\u01b0\u1eddng h\u1ee3p module tr\u00ean thi\u1ebft b\u1ecb kh\u00f4ng ho\u1ea1t \u0111\u1ed9ng<\/p>\n","protected":false},"featured_media":1167,"comment_status":"closed","ping_status":"closed","template":"","meta":[],"product_cat":[55],"product_tag":[104],"class_list":{"0":"post-1166","1":"product","2":"type-product","3":"status-publish","4":"has-post-thumbnail","6":"product_cat-lpi","7":"product_tag-thiet-bi-lpi","9":"first","10":"instock","11":"shipping-taxable","12":"product-type-simple"},"_links":{"self":[{"href":"https:\/\/chongsetminhhan.com\/index.php?rest_route=\/wp\/v2\/product\/1166","targetHints":{"allow":["GET"]}}],"collection":[{"href":"https:\/\/chongsetminhhan.com\/index.php?rest_route=\/wp\/v2\/product"}],"about":[{"href":"https:\/\/chongsetminhhan.com\/index.php?rest_route=\/wp\/v2\/types\/product"}],"replies":[{"embeddable":true,"href":"https:\/\/chongsetminhhan.com\/index.php?rest_route=%2Fwp%2Fv2%2Fcomments&post=1166"}],"wp:featuredmedia":[{"embeddable":true,"href":"https:\/\/chongsetminhhan.com\/index.php?rest_route=\/wp\/v2\/media\/1167"}],"wp:attachment":[{"href":"https:\/\/chongsetminhhan.com\/index.php?rest_route=%2Fwp%2Fv2%2Fmedia&parent=1166"}],"wp:term":[{"taxonomy":"product_cat","embeddable":true,"href":"https:\/\/chongsetminhhan.com\/index.php?rest_route=%2Fwp%2Fv2%2Fproduct_cat&post=1166"},{"taxonomy":"product_tag","embeddable":true,"href":"https:\/\/chongsetminhhan.com\/index.php?rest_route=%2Fwp%2Fv2%2Fproduct_tag&post=1166"}],"curies":[{"name":"wp","href":"https:\/\/api.w.org\/{rel}","templated":true}]}}