{"id":1160,"date":"2023-03-19T07:16:05","date_gmt":"2023-03-19T00:16:05","guid":{"rendered":"https:\/\/chongsetminhhan.com\/?post_type=product&#038;p=1160"},"modified":"2023-03-19T07:16:05","modified_gmt":"2023-03-19T00:16:05","slug":"thiet-bi-dem-set-ioniflash","status":"publish","type":"product","link":"https:\/\/chongsetminhhan.com\/?product=thiet-bi-dem-set-ioniflash","title":{"rendered":"Thi\u1ebft b\u1ecb \u0111\u1ebfm s\u00e9t IONIFLASH"},"content":{"rendered":"<p><strong>Th\u00f4ng Tin S\u1ea3n Ph\u1ea9m:<\/strong><br \/>\n\u2013 Thi\u1ebft b\u1ecb \u0111\u1ebfm s\u00e9t IONIFLASH (Lightning Counter IONICOUNT).<br \/>\n\u2013 Lo\u1ea1i: IONICOUNT<br \/>\n\u2013 M\u00e0u s\u1eafc: X\u00e1m, \u0111en<br \/>\n\u2013 H\u00e3ng s\u1ea3n xu\u1ea5t: France Paratonneres. .<br \/>\n\u2013 Xu\u1ea5t x\u1ee9: Ph\u00e1p.<br \/>\n\u2013 Th\u1eddi gian b\u1ea3o h\u00e0nh: B\u1ea3o h\u00e0nh 12 th\u00e1ng.<br \/>\n<strong>\u0110\u1eb7c T\u00ednh K\u1ef9 Thu\u1eadt:<\/strong><br \/>\n\u2013\u00a0S\u1eed d\u1ee5ng \u0111\u1ebfm s\u1ed1 l\u1ea7n thu s\u00e9t trong h\u1ec7 th\u1ed1ng ch\u1ed1ng s\u00e9t tr\u1ef1c ti\u1ebfp.<br \/>\n\u2013 D\u00f2ng s\u00e9t l\u1edbn nh\u1ea5t: 100kA.<br \/>\n\u2013 D\u00f2ng s\u00e9t nh\u1ecf nh\u1ea5t: 1kA.<br \/>\n\u2013 C\u00f4ng ngh\u1ec7: B\u1ed9 \u0111\u1ebfm c\u01a1 \u2013 \u0111i\u1ec7n t\u1eed t\u1ef1 \u0111\u1ed9ng, kh\u00f4ng c\u1ea7n c\u1ea5p ngu\u1ed3n, hi\u1ec3n th\u1ecb d\u1ea1ng s\u1ed1.<br \/>\n\u2013 S\u1ed1 l\u1ea7n \u0111\u1ebfm: 000002 \u2013 999999.<br \/>\n\u2013 V\u1eadt li\u1ec7u: Nh\u1ef1a v\u00e0 th\u00e9p kh\u00f4ng r\u1ec9.<br \/>\n\u2013 Kich th\u01b0\u1edbc: D\u00e0i 50 mm x R\u1ed9ng 50 mm x Cao 30 mm.<br \/>\n\u2013 K\u1ebft n\u1ed1i: D\u1ea1ng k\u1eb9p.<br \/>\n\u2013 Nhi\u1ec7t \u0111\u1ed9 s\u1eed d\u1ee5ng: \u2013 25 \u0111\u1ebfn 70 oC.<br \/>\n\u2013 C\u1ea5p b\u1ea3o v\u1ec7: IP66.<br \/>\n\u2013 Ti\u00eau chu\u1ea9n NFC 17 \u2013 106<\/p>\n","protected":false},"excerpt":{"rendered":"<p>\u2013 Thi\u1ebft b\u1ecb \u0111\u1ebfm s\u00e9t IONIFLASH (Lightning Counter IONICOUNT).<br \/>\n\u2013 Lo\u1ea1i: IONICOUNT<br \/>\n\u2013 M\u00e0u s\u1eafc: X\u00e1m, \u0111en<br \/>\n\u2013 H\u00e3ng s\u1ea3n xu\u1ea5t: France Paratonneres. .<br \/>\n\u2013 Xu\u1ea5t x\u1ee9: Ph\u00e1p.<br \/>\n\u2013 Th\u1eddi gian b\u1ea3o h\u00e0nh: B\u1ea3o h\u00e0nh 12 th\u00e1ng.<\/p>\n","protected":false},"featured_media":1161,"comment_status":"closed","ping_status":"closed","template":"","meta":[],"product_cat":[93],"product_tag":[102],"class_list":{"0":"post-1160","1":"product","2":"type-product","3":"status-publish","4":"has-post-thumbnail","6":"product_cat-bo-dem-set","7":"product_tag-ioniflash","9":"first","10":"instock","11":"shipping-taxable","12":"product-type-simple"},"_links":{"self":[{"href":"https:\/\/chongsetminhhan.com\/index.php?rest_route=\/wp\/v2\/product\/1160","targetHints":{"allow":["GET"]}}],"collection":[{"href":"https:\/\/chongsetminhhan.com\/index.php?rest_route=\/wp\/v2\/product"}],"about":[{"href":"https:\/\/chongsetminhhan.com\/index.php?rest_route=\/wp\/v2\/types\/product"}],"replies":[{"embeddable":true,"href":"https:\/\/chongsetminhhan.com\/index.php?rest_route=%2Fwp%2Fv2%2Fcomments&post=1160"}],"wp:featuredmedia":[{"embeddable":true,"href":"https:\/\/chongsetminhhan.com\/index.php?rest_route=\/wp\/v2\/media\/1161"}],"wp:attachment":[{"href":"https:\/\/chongsetminhhan.com\/index.php?rest_route=%2Fwp%2Fv2%2Fmedia&parent=1160"}],"wp:term":[{"taxonomy":"product_cat","embeddable":true,"href":"https:\/\/chongsetminhhan.com\/index.php?rest_route=%2Fwp%2Fv2%2Fproduct_cat&post=1160"},{"taxonomy":"product_tag","embeddable":true,"href":"https:\/\/chongsetminhhan.com\/index.php?rest_route=%2Fwp%2Fv2%2Fproduct_tag&post=1160"}],"curies":[{"name":"wp","href":"https:\/\/api.w.org\/{rel}","templated":true}]}}