{"id":1159,"date":"2023-03-19T07:10:16","date_gmt":"2023-03-19T00:10:16","guid":{"rendered":"https:\/\/chongsetminhhan.com\/?post_type=product&#038;p=1159"},"modified":"2023-03-20T07:12:50","modified_gmt":"2023-03-20T00:12:50","slug":"kim-thu-set-ioniflash-ng60","status":"publish","type":"product","link":"https:\/\/chongsetminhhan.com\/?product=kim-thu-set-ioniflash-ng60","title":{"rendered":"KIM THU S\u00c9T IONIFLASH \u2013 NG60"},"content":{"rendered":"<p>Kim thu s\u00e9t IONIFLASH<\/p>\n<p>M\u00e3 s\u1ea3n ph\u1ea9m : NG60<\/p>\n<p>B\u00e1n k\u00ednh b\u1ea3o v\u1ec7 : 107m<\/p>\n<p>Th\u1eddi gian ph\u00e1t tia ti\u00ean \u0111\u1ea1o : 60 \u00b5s<\/p>\n<p>Ch\u1ea5t li\u1ec7u : 316L<\/p>\n<p>M\u00e0u s\u1eafc : b\u1ea1c<\/p>\n<p>Kh\u1ed1i l\u01b0\u1ee3ng : 2kg<\/p>\n<p>Xu\u1ea5t s\u1ee9 : Ph\u00e1p<\/p>\n","protected":false},"excerpt":{"rendered":"<p>Kim thu s\u00e9t IONIFLASH<\/p>\n<p>M\u00e3 s\u1ea3n ph\u1ea9m : NG60<\/p>\n<p>B\u00e1n k\u00ednh b\u1ea3o v\u1ec7 : 107m<\/p>\n","protected":false},"featured_media":1158,"comment_status":"closed","ping_status":"closed","template":"","meta":[],"product_cat":[51],"product_tag":[102],"class_list":{"0":"post-1159","1":"product","2":"type-product","3":"status-publish","4":"has-post-thumbnail","6":"product_cat-cac-hang-khac","7":"product_tag-ioniflash","9":"first","10":"instock","11":"shipping-taxable","12":"product-type-simple"},"_links":{"self":[{"href":"https:\/\/chongsetminhhan.com\/index.php?rest_route=\/wp\/v2\/product\/1159","targetHints":{"allow":["GET"]}}],"collection":[{"href":"https:\/\/chongsetminhhan.com\/index.php?rest_route=\/wp\/v2\/product"}],"about":[{"href":"https:\/\/chongsetminhhan.com\/index.php?rest_route=\/wp\/v2\/types\/product"}],"replies":[{"embeddable":true,"href":"https:\/\/chongsetminhhan.com\/index.php?rest_route=%2Fwp%2Fv2%2Fcomments&post=1159"}],"wp:featuredmedia":[{"embeddable":true,"href":"https:\/\/chongsetminhhan.com\/index.php?rest_route=\/wp\/v2\/media\/1158"}],"wp:attachment":[{"href":"https:\/\/chongsetminhhan.com\/index.php?rest_route=%2Fwp%2Fv2%2Fmedia&parent=1159"}],"wp:term":[{"taxonomy":"product_cat","embeddable":true,"href":"https:\/\/chongsetminhhan.com\/index.php?rest_route=%2Fwp%2Fv2%2Fproduct_cat&post=1159"},{"taxonomy":"product_tag","embeddable":true,"href":"https:\/\/chongsetminhhan.com\/index.php?rest_route=%2Fwp%2Fv2%2Fproduct_tag&post=1159"}],"curies":[{"name":"wp","href":"https:\/\/api.w.org\/{rel}","templated":true}]}}