{"id":1153,"date":"2023-03-19T00:17:51","date_gmt":"2023-03-18T17:17:51","guid":{"rendered":"https:\/\/chongsetminhhan.com\/?post_type=product&#038;p=1153"},"modified":"2023-03-19T00:17:51","modified_gmt":"2023-03-18T17:17:51","slug":"kim-thu-set-ioniflash-ng15","status":"publish","type":"product","link":"https:\/\/chongsetminhhan.com\/?product=kim-thu-set-ioniflash-ng15","title":{"rendered":"KIM THU S\u00c9T IONIFLASH \u2013 NG15"},"content":{"rendered":"<p>Kim thu s\u00e9t ch\u1ee7 \u0111\u1ed9ng IONIFLASH<\/p>\n<p>M\u00e3 s\u1ea3n ph\u1ea9m : NG15<\/p>\n<p>B\u00e1n k\u00ednh b\u1ea3o v\u1ec7 : 51m<\/p>\n<p>Th\u1eddi gian ph\u00e1t tia ti\u00ean \u0111\u1ea1o : 15 \u00b5s<\/p>\n<p>Ch\u1ea5t li\u1ec7u : 316L<\/p>\n<p>M\u00e0u s\u1eafc : b\u1ea1c<\/p>\n<p>Kh\u1ed1i l\u01b0\u1ee3ng : 2kg<\/p>\n<p>Xu\u1ea5t s\u1ee9 : Ph\u00e1p<\/p>\n<p>H\u00e3ng s\u1ea3n xu\u1ea5t : France Paratonnerres<\/p>\n","protected":false},"excerpt":{"rendered":"<p>Kim thu s\u00e9t ch\u1ee7 \u0111\u1ed9ng IONIFLASH<\/p>\n<p>M\u00e3 s\u1ea3n ph\u1ea9m : NG15<\/p>\n<p>B\u00e1n k\u00ednh b\u1ea3o v\u1ec7 : 51m<\/p>\n","protected":false},"featured_media":1154,"comment_status":"closed","ping_status":"closed","template":"","meta":[],"product_cat":[51],"product_tag":[102],"class_list":{"0":"post-1153","1":"product","2":"type-product","3":"status-publish","4":"has-post-thumbnail","6":"product_cat-cac-hang-khac","7":"product_tag-ioniflash","9":"first","10":"instock","11":"shipping-taxable","12":"product-type-simple"},"_links":{"self":[{"href":"https:\/\/chongsetminhhan.com\/index.php?rest_route=\/wp\/v2\/product\/1153","targetHints":{"allow":["GET"]}}],"collection":[{"href":"https:\/\/chongsetminhhan.com\/index.php?rest_route=\/wp\/v2\/product"}],"about":[{"href":"https:\/\/chongsetminhhan.com\/index.php?rest_route=\/wp\/v2\/types\/product"}],"replies":[{"embeddable":true,"href":"https:\/\/chongsetminhhan.com\/index.php?rest_route=%2Fwp%2Fv2%2Fcomments&post=1153"}],"wp:featuredmedia":[{"embeddable":true,"href":"https:\/\/chongsetminhhan.com\/index.php?rest_route=\/wp\/v2\/media\/1154"}],"wp:attachment":[{"href":"https:\/\/chongsetminhhan.com\/index.php?rest_route=%2Fwp%2Fv2%2Fmedia&parent=1153"}],"wp:term":[{"taxonomy":"product_cat","embeddable":true,"href":"https:\/\/chongsetminhhan.com\/index.php?rest_route=%2Fwp%2Fv2%2Fproduct_cat&post=1153"},{"taxonomy":"product_tag","embeddable":true,"href":"https:\/\/chongsetminhhan.com\/index.php?rest_route=%2Fwp%2Fv2%2Fproduct_tag&post=1153"}],"curies":[{"name":"wp","href":"https:\/\/api.w.org\/{rel}","templated":true}]}}