{"id":1144,"date":"2023-03-18T18:33:12","date_gmt":"2023-03-18T11:33:12","guid":{"rendered":"https:\/\/chongsetminhhan.com\/?post_type=product&#038;p=1144"},"modified":"2023-03-20T07:24:59","modified_gmt":"2023-03-20T00:24:59","slug":"kim-thu-set-hien-dai-liva-cx070","status":"publish","type":"product","link":"https:\/\/chongsetminhhan.com\/?product=kim-thu-set-hien-dai-liva-cx070","title":{"rendered":"KIM THU S\u00c9T HI\u1ec6N \u0110\u1ea0I Liva CX070"},"content":{"rendered":"<p><span lang=\"vi\"><span class=\"x-el x-el-span c1-7t c1-7u c1-b c1-c c1-d c1-e c1-f c1-g x-d-ux\">Kim Thu S\u00e9t Hi\u1ec7n \u0110\u1ea1i Liva<\/span><br \/>\n<\/span><\/p>\n<p><span lang=\"vi\"><strong>H\u1ec6 TH\u1ed0NG HO\u1ea0T \u0110\u1ed8NG:<\/strong>\u00a0L\u00e0m vi\u1ec7c v\u1edbi nguy\u00ean t\u1eafc Ph\u00e1t x\u1ea1 tia ti\u00ean \u0111\u1ea1o s\u1edbm [E.S.E.], Hi\u1ec7u \u1ee9ng tr\u01b0\u1eddng kh\u00ed quy\u1ec3n \u0111i\u1ec7n t\u1eed LAP-CX 070 LIVA \u0110\u1ea7u thu n\u0103ng l\u01b0\u1ee3ng ch\u1ee7 \u0111\u1ed9ng l\u1ea5y n\u0103ng l\u01b0\u1ee3ng t\u1eeb s\u1ef1 thay \u0111\u1ed5i c\u01b0\u1eddng \u0111\u1ed9 tr\u01b0\u1eddng t\u0129nh \u0111i\u1ec7n v\u00e0 \u0111i\u1ec7n t\u1eeb trong kh\u00f4ng kh\u00ed.<\/span><\/p>\n<p><span lang=\"vi\"><strong>Kim lo\u1ea1i \u0111\u01b0\u1ee3c s\u1eed d\u1ee5ng:<\/strong>\u00a0Th\u00e9p kh\u00f4ng g\u1ec9 \u0111\u01b0\u1ee3c s\u1eed d\u1ee5ng cho c\u1ed9t thu l\u00f4i, xem x\u00e9t c\u00e1c \u0111i\u1ec1u ki\u1ec7n t\u1ef1 nhi\u00ean kh\u1eafc nhi\u1ec7t.<br \/>\n<strong>\u0110\u1ec9nh kim :<\/strong>\u00a0\u0110\u00e2y l\u00e0 b\u1ed9 ph\u1eadn b\u1eaft s\u00e9t, \u0111\u01b0\u1ee3c l\u00e0m b\u1eb1ng th\u00e9p kh\u00f4ng g\u1ec9 \u0111\u01b0\u1eddng k\u00ednh 20 mm.<br \/>\n<strong>Kh\u1ed1i n\u0103ng l\u01b0\u1ee3ng \u0111i\u1ec7n kh\u00ed quy\u1ec3n:<\/strong>\u00a0\u0110\u00e2y l\u00e0 ph\u1ea7n \u0111\u1ed9c l\u1eadp tr\u1ee5c gi\u1eefa c\u00f3 ch\u1ee9a m\u1ed9t m\u00e1y ph\u00e1t xung \u0111i\u1ec7n \u00e1p cao.<br \/>\n<strong>C\u00e1c \u0111i\u1ec7n c\u1ef1c ion:<\/strong>\u00a0\u0110\u00e2y l\u00e0 c\u00e1c \u0111i\u1ec7n c\u1ef1c cho ph\u00e9p c\u00e1c xung \u0111i\u1ec7n \u00e1p cao \u0111\u01b0\u1ee3c t\u1ea1o ra trong m\u00e1y ph\u00e1t xung \u0111i\u1ec7n \u00e1p cao t\u1ea1o th\u00e0nh c\u00e1c ion.<br \/>\n<strong>K\u1ebft n\u1ed1i \u0111i\u1ec7n c\u1ef1c n\u1ed1i \u0111\u1ea5t:<\/strong>\u00a0\u0110\u00e2y l\u00e0 b\u1ed9 ph\u1eadn \u0111\u01b0\u1ee3c l\u00e0m b\u1eb1ng th\u00e9p kh\u00f4ng g\u1ec9 \u0111\u01b0\u1eddng k\u00ednh 20 mm, gi\u00fap truy\u1ec1n \u0111i\u1ec7n t\u00edch do s\u00e9t t\u1ea1o ra cho c\u00e1c d\u00e2y d\u1eabn v\u00e0 m\u1eb7t \u0111\u1ea5t th\u00f4ng qua c\u00e1c \u0111\u1ea7u n\u1ed1i.<\/span><\/p>\n","protected":false},"excerpt":{"rendered":"<p><span class=\"x-el x-el-span c1-7t c1-7u c1-b c1-c c1-d c1-e c1-f c1-g x-d-ux\">Model: Liva CX070<\/span><\/p>\n<p><span class=\"x-el x-el-span c1-7t c1-7u c1-b c1-c c1-d c1-e c1-f c1-g x-d-ux\">B\u00e1n k\u00ednh b\u1ea3o v\u1ec7: 73m<\/span><\/p>\n<p><span class=\"x-el x-el-span c1-7t c1-7u c1-b c1-c c1-d c1-e c1-f c1-g x-d-ux\">C\u1ea5p b\u1ea3o v\u1ec7: c\u1ea5p 4<\/span><\/p>\n<p><span class=\"x-el x-el-span c1-7t c1-7u c1-b c1-c c1-d c1-e c1-f c1-g x-d-ux\">Xu\u1ea5t X\u1ee9: Th\u1ed5 Nh\u0129 K\u1ef3<\/span><\/p>\n<p><span class=\"x-el x-el-span c1-7t c1-7u c1-b c1-c c1-d c1-e c1-f c1-g x-d-ux\">Ch\u1ee9ng t\u1eeb: H\u00f3a \u0111\u01a1n, CO, CQ.<\/span><\/p>\n","protected":false},"featured_media":1254,"comment_status":"closed","ping_status":"closed","template":"","meta":[],"product_cat":[45],"product_tag":[95,74],"class_list":{"0":"post-1144","1":"product","2":"type-product","3":"status-publish","4":"has-post-thumbnail","6":"product_cat-kim-thu-set-liva-turky","7":"product_tag-cx070","8":"product_tag-liva","10":"first","11":"instock","12":"shipping-taxable","13":"product-type-simple"},"_links":{"self":[{"href":"https:\/\/chongsetminhhan.com\/index.php?rest_route=\/wp\/v2\/product\/1144","targetHints":{"allow":["GET"]}}],"collection":[{"href":"https:\/\/chongsetminhhan.com\/index.php?rest_route=\/wp\/v2\/product"}],"about":[{"href":"https:\/\/chongsetminhhan.com\/index.php?rest_route=\/wp\/v2\/types\/product"}],"replies":[{"embeddable":true,"href":"https:\/\/chongsetminhhan.com\/index.php?rest_route=%2Fwp%2Fv2%2Fcomments&post=1144"}],"wp:featuredmedia":[{"embeddable":true,"href":"https:\/\/chongsetminhhan.com\/index.php?rest_route=\/wp\/v2\/media\/1254"}],"wp:attachment":[{"href":"https:\/\/chongsetminhhan.com\/index.php?rest_route=%2Fwp%2Fv2%2Fmedia&parent=1144"}],"wp:term":[{"taxonomy":"product_cat","embeddable":true,"href":"https:\/\/chongsetminhhan.com\/index.php?rest_route=%2Fwp%2Fv2%2Fproduct_cat&post=1144"},{"taxonomy":"product_tag","embeddable":true,"href":"https:\/\/chongsetminhhan.com\/index.php?rest_route=%2Fwp%2Fv2%2Fproduct_tag&post=1144"}],"curies":[{"name":"wp","href":"https:\/\/api.w.org\/{rel}","templated":true}]}}