{"id":1136,"date":"2023-03-16T01:25:19","date_gmt":"2023-03-15T18:25:19","guid":{"rendered":"https:\/\/chongsetminhhan.com\/?post_type=product&#038;p=1136"},"modified":"2023-03-16T01:28:32","modified_gmt":"2023-03-15T18:28:32","slug":"coc-tiep-dia-bang-dong-vang","status":"publish","type":"product","link":"https:\/\/chongsetminhhan.com\/?product=coc-tiep-dia-bang-dong-vang","title":{"rendered":"C\u1ecdc Ti\u1ebfp \u0110\u1ecba B\u1eb1ng \u0110\u1ed3ng V\u00e0ng"},"content":{"rendered":"<p>C\u1ecdc \u0111\u1ed3ng \u0111\u1ecf ti\u1ebfp \u0111\u1ecba, c\u1ecdc \u0111\u1ed3ng v\u00e0ng, c\u1ecdc ti\u1ebfp \u0111\u1ecba \u0111\u1ed3ng v\u00e0ng, c\u1ecdc ti\u1ebfp \u0111\u1ecba \u0111\u1ed3ng v\u00e0ng phi 14, c\u1ecdc ti\u1ebfp \u0111\u1ecba \u0111\u1ed3ng v\u00e0ng phi 16, c\u1ecdc ti\u1ebfp \u0111\u1ecba \u0111\u1ed3ng v\u00e0ng phi 18, c\u1ecdc ti\u1ebfp \u0111\u1ecba \u0111\u1ed3ng v\u00e0ng phi 20, c\u1ecdc \u0111\u1ed3ng v\u00e0ng D14, c\u1ecdc \u0111\u1ed3ng v\u00e0ng D16, c\u1ecdc \u0111\u1ed3ng v\u00e0ng D20<\/p>\n","protected":false},"excerpt":{"rendered":"<p>C\u1ecdc \u0111\u1ed3ng \u0111\u1ecf, \u0111\u1ed3ng v\u00e0ng<\/p>\n<p>D14x2,4m<\/p>\n<p>D16x2,4m<\/p>\n<p>D20x2,4m<\/p>\n<p>v\u00e0 c\u00e1c k\u00edch th\u01b0\u1edbc kh\u00e1c nhau<\/p>\n","protected":false},"featured_media":1137,"comment_status":"closed","ping_status":"closed","template":"","meta":[],"product_cat":[63],"product_tag":[94,90],"class_list":{"0":"post-1136","1":"product","2":"type-product","3":"status-publish","4":"has-post-thumbnail","6":"product_cat-coc-tiep-dia-bang-dong-tiep-dia","7":"product_tag-coc-dong-vang","8":"product_tag-coc-tiep-dia","10":"first","11":"instock","12":"shipping-taxable","13":"product-type-simple"},"_links":{"self":[{"href":"https:\/\/chongsetminhhan.com\/index.php?rest_route=\/wp\/v2\/product\/1136","targetHints":{"allow":["GET"]}}],"collection":[{"href":"https:\/\/chongsetminhhan.com\/index.php?rest_route=\/wp\/v2\/product"}],"about":[{"href":"https:\/\/chongsetminhhan.com\/index.php?rest_route=\/wp\/v2\/types\/product"}],"replies":[{"embeddable":true,"href":"https:\/\/chongsetminhhan.com\/index.php?rest_route=%2Fwp%2Fv2%2Fcomments&post=1136"}],"wp:featuredmedia":[{"embeddable":true,"href":"https:\/\/chongsetminhhan.com\/index.php?rest_route=\/wp\/v2\/media\/1137"}],"wp:attachment":[{"href":"https:\/\/chongsetminhhan.com\/index.php?rest_route=%2Fwp%2Fv2%2Fmedia&parent=1136"}],"wp:term":[{"taxonomy":"product_cat","embeddable":true,"href":"https:\/\/chongsetminhhan.com\/index.php?rest_route=%2Fwp%2Fv2%2Fproduct_cat&post=1136"},{"taxonomy":"product_tag","embeddable":true,"href":"https:\/\/chongsetminhhan.com\/index.php?rest_route=%2Fwp%2Fv2%2Fproduct_tag&post=1136"}],"curies":[{"name":"wp","href":"https:\/\/api.w.org\/{rel}","templated":true}]}}