{"id":1124,"date":"2023-03-15T22:19:17","date_gmt":"2023-03-15T15:19:17","guid":{"rendered":"https:\/\/chongsetminhhan.com\/?post_type=product&#038;p=1124"},"modified":"2023-03-15T22:52:21","modified_gmt":"2023-03-15T15:52:21","slug":"kim-thu-set-ingesco-pdc-e30","status":"publish","type":"product","link":"https:\/\/chongsetminhhan.com\/?product=kim-thu-set-ingesco-pdc-e30","title":{"rendered":"Kim thu s\u00e9t INGESCO PDC E30"},"content":{"rendered":"<p>&#8211; PDC E30 l\u00e0\u00a0<strong><a href=\"https:\/\/sieuthivienthong.com\/kim-thu-set.html\" target=\"_blank\" rel=\"noopener noreferrer\">kim thu s\u00e9t<\/a><\/strong>\u00a0ch\u1ee7 \u0111\u1ed9ng c\u1ee7a INGESCO v\u1edbi nhi\u1ec1u \u01b0u \u0111i\u1ec3m n\u1ed5i b\u1eadt.<\/p>\n<p>&#8211; B\u00e1n k\u00ednh b\u1ea3o v\u1ec7: 80 m\u00e9t.<\/p>\n<p>&#8211; Ch\u1ea5t li\u1ec7u: Th\u00e9p 316L si\u00eau b\u1ec1n 50 n\u0103m kh\u00f4ng g\u1ec9 s\u00e9t (Th\u00e9p 304 v\u00e0 316 s\u1ebd r\u1ec9 s\u00e9t ch\u1ec9 sau m\u1ed9t th\u1eddi gian ng\u1eafn ph\u01a1i n\u1eafng, m\u01b0a gi\u00f3 ngo\u00e0i tr\u1eddi trong \u0111i\u1ec1u ki\u1ec7n th\u1eddi ti\u1ebft kh\u00ed h\u1eadu kh\u1eafc nghi\u1ec7t nh\u01b0 \u1edf Vi\u1ec7t Nam).<\/p>\n<p>&#8211; D\u00f2ng s\u00e9t ch\u1ecbu \u0111\u01b0\u1ee3c: 200kA (d\u00f2ng s\u00e9t t\u1ed1i thi\u1ec3u gi\u00e1ng xu\u1ed1ng \u1edf VN \u0111\u00e3 l\u00ean \u0111\u1ebfn 100kA &#8211; Theo B\u1ed9 TCVN 9385:2012).<\/p>\n<p>&#8211; C\u00f3 d\u00f2ng ch\u1eef INGESCO v\u00e0 MODEL PDC E30 \u0111\u01b0\u1ee3c kh\u1eafc n\u1ed5i d\u01b0\u1edbi \u0111\u00e1y kim n\u00ean vi\u1ec7c gi\u1ea3 m\u1ea1o g\u1ee1 b\u00f3c tem d\u00e1n \u0111\u1ec3 \u0111\u00e1nh tr\u00e1o model kim thu s\u00e9t s\u1ebd kh\u00f4ng th\u1ec3 x\u1ea3y ra.<\/p>\n<p>&#8211; C\u00f3 tem nh\u00e3n m\u00e0u xanh v\u00e0 d\u00f9ng smartphone \u0111\u1ec3 ki\u1ec3m tra h\u00e0ng th\u1eadt\/ h\u00e0ng gi\u1ea3 d\u1ef1a theo m\u00e3 v\u1ea1ch tr\u00ean th\u00e2n kim c\u1ee7a h\u00e3ng INGESCO.<\/p>\n<p>&#8211; Ti\u00eau chu\u1ea9n: UNE 21.186:2011, NFC 17.102:2011.<\/p>\n<p><strong>&#8211; Xu\u1ea5t x\u1ee9: T\u00e2y Ban Nha.<\/strong><\/p>\n<p><strong>&#8211; B\u1ea3o h\u00e0nh: 12 th\u00e1ng.<\/strong><\/p>\n<p>&nbsp;<\/p>\n","protected":false},"excerpt":{"rendered":"<p>&#8211; PDC E30 l\u00e0\u00a0<strong><a href=\"https:\/\/sieuthivienthong.com\/kim-thu-set.html\" target=\"_blank\" rel=\"noopener noreferrer\">kim thu s\u00e9t<\/a><\/strong>\u00a0ch\u1ee7 \u0111\u1ed9ng c\u1ee7a INGESCO v\u1edbi nhi\u1ec1u \u01b0u \u0111i\u1ec3m n\u1ed5i b\u1eadt.<\/p>\n<p>&#8211; B\u00e1n k\u00ednh b\u1ea3o v\u1ec7: 80 m\u00e9t.<\/p>\n<p>&#8211; Ch\u1ea5t li\u1ec7u: Th\u00e9p 316L si\u00eau b\u1ec1n 50 n\u0103m kh\u00f4ng g\u1ec9 s\u00e9t (Th\u00e9p 304 v\u00e0 316 s\u1ebd r\u1ec9 s\u00e9t ch\u1ec9 sau m\u1ed9t th\u1eddi gian ng\u1eafn ph\u01a1i n\u1eafng, m\u01b0a gi\u00f3 ngo\u00e0i tr\u1eddi trong \u0111i\u1ec1u ki\u1ec7n th\u1eddi ti\u1ebft kh\u00ed h\u1eadu kh\u1eafc nghi\u1ec7t nh\u01b0 \u1edf Vi\u1ec7t Nam).<\/p>\n<p>&#8211; Ti\u00eau chu\u1ea9n: UNE 21.186:2011, NFC 17.102:2011.<\/p>\n<p><strong>&#8211; Xu\u1ea5t x\u1ee9: T\u00e2y Ban Nha.<\/strong><\/p>\n<p><strong>&#8211; B\u1ea3o h\u00e0nh: 12 th\u00e1ng.<\/strong><\/p>\n<p>&nbsp;<\/p>\n","protected":false},"featured_media":1123,"comment_status":"closed","ping_status":"closed","template":"","meta":[],"product_cat":[15,44],"product_tag":[87,79],"class_list":{"0":"post-1124","1":"product","2":"type-product","3":"status-publish","4":"has-post-thumbnail","6":"product_cat-chua-phan-loai","7":"product_cat-kim-thu-set-ingesco-tbn","8":"product_tag-pdc-e30","9":"product_tag-tay-ban-nha","11":"first","12":"instock","13":"shipping-taxable","14":"product-type-simple"},"_links":{"self":[{"href":"https:\/\/chongsetminhhan.com\/index.php?rest_route=\/wp\/v2\/product\/1124","targetHints":{"allow":["GET"]}}],"collection":[{"href":"https:\/\/chongsetminhhan.com\/index.php?rest_route=\/wp\/v2\/product"}],"about":[{"href":"https:\/\/chongsetminhhan.com\/index.php?rest_route=\/wp\/v2\/types\/product"}],"replies":[{"embeddable":true,"href":"https:\/\/chongsetminhhan.com\/index.php?rest_route=%2Fwp%2Fv2%2Fcomments&post=1124"}],"wp:featuredmedia":[{"embeddable":true,"href":"https:\/\/chongsetminhhan.com\/index.php?rest_route=\/wp\/v2\/media\/1123"}],"wp:attachment":[{"href":"https:\/\/chongsetminhhan.com\/index.php?rest_route=%2Fwp%2Fv2%2Fmedia&parent=1124"}],"wp:term":[{"taxonomy":"product_cat","embeddable":true,"href":"https:\/\/chongsetminhhan.com\/index.php?rest_route=%2Fwp%2Fv2%2Fproduct_cat&post=1124"},{"taxonomy":"product_tag","embeddable":true,"href":"https:\/\/chongsetminhhan.com\/index.php?rest_route=%2Fwp%2Fv2%2Fproduct_tag&post=1124"}],"curies":[{"name":"wp","href":"https:\/\/api.w.org\/{rel}","templated":true}]}}