{"id":1119,"date":"2023-03-15T22:03:10","date_gmt":"2023-03-15T15:03:10","guid":{"rendered":"https:\/\/chongsetminhhan.com\/?post_type=product&#038;p=1119"},"modified":"2023-03-15T22:03:10","modified_gmt":"2023-03-15T15:03:10","slug":"kim-thu-set-ingesco-pdc-5-3","status":"publish","type":"product","link":"https:\/\/chongsetminhhan.com\/?product=kim-thu-set-ingesco-pdc-5-3","title":{"rendered":"Kim thu s\u00e9t INGESCO PDC 5.3"},"content":{"rendered":"<p>&nbsp;<\/p>\n<p>&#8211; PDC 5.3 l\u00e0 kim thu s\u00e9t ch\u1ee7 \u0111\u1ed9ng c\u1ee7a INGESCO v\u1edbi nhi\u1ec1u \u01b0u \u0111i\u1ec3m n\u1ed5i b\u1eadt.<\/p>\n<p>&#8211; B\u00e1n k\u00ednh b\u1ea3o v\u1ec7: 95 m\u00e9t.<\/p>\n<p>&#8211; Bao g\u1ed3m 01 \u0111\u1ea7u\u00a0<strong><a href=\"https:\/\/sieuthivienthong.com\/kim-thu-set.html\" target=\"_blank\" rel=\"noopener noreferrer\">kim thu s\u00e9t<\/a><\/strong>\u00a0c\u1ef1c l\u1edbn v\u00e0 15 \u0111\u1ea7u kim thu s\u00e9t t\u00edch h\u1ee3p h\u1ed7 tr\u1ee3 ch\u1ed1ng s\u00e9t c\u1ef1c nhanh c\u1ef1c m\u1ea1nh.<\/p>\n<p>&#8211; Ch\u1ea5t li\u1ec7u: Th\u00e9p 316L si\u00eau b\u1ec1n 50 n\u0103m kh\u00f4ng g\u1ec9 s\u00e9t (Th\u00e9p 304 v\u00e0 316 s\u1ebd r\u1ec9 s\u00e9t ch\u1ec9 sau m\u1ed9t th\u1eddi gian ng\u1eafn ph\u01a1i n\u1eafng, m\u01b0a gi\u00f3 ngo\u00e0i tr\u1eddi trong \u0111i\u1ec1u ki\u1ec7n th\u1eddi ti\u1ebft kh\u00ed h\u1eadu kh\u1eafc nghi\u1ec7t nh\u01b0 \u1edf Vi\u1ec7t Nam).<\/p>\n<p>&#8211; D\u00f2ng s\u00e9t ch\u1ecbu \u0111\u01b0\u1ee3c: 200kA (d\u00f2ng s\u00e9t t\u1ed1i thi\u1ec3u gi\u00e1ng xu\u1ed1ng \u1edf VN \u0111\u00e3 l\u00ean \u0111\u1ebfn 100kA &#8211; Theo B\u1ed9 TCVN 9385:2012).<\/p>\n<p>&#8211; Ki\u1ec3u d\u00e1ng 05 c\u00e1nh v\u00e0 d\u00f2ng ch\u1eef INGESCO \u0111\u01b0\u1ee3c kh\u1eafc n\u1ed5i d\u01b0\u1edbi t\u1eebng c\u00e1nh kim n\u00ean vi\u1ec7c gi\u1ea3 m\u1ea1o g\u1ee1 b\u00f3c tem d\u00e1n \u0111\u1ec3 \u0111\u00e1nh tr\u00e1o model kim thu s\u00e9t s\u1ebd kh\u00f4ng th\u1ec3 x\u1ea3y ra.<\/p>\n<p>&#8211; C\u00f3 tem nh\u00e3n m\u00e0u xanh v\u00e0 d\u00f9ng smartphone \u0111\u1ec3 ki\u1ec3m tra h\u00e0ng th\u1eadt\/ h\u00e0ng gi\u1ea3 d\u1ef1a theo m\u00e3 v\u1ea1ch tr\u00ean th\u00e2n kim c\u1ee7a h\u00e3ng INGESCO.<\/p>\n<p>&#8211; Ti\u00eau chu\u1ea9n: UNE 21.186:2011, NFC 17.102:2011.<\/p>\n<p><strong>&#8211; Xu\u1ea5t x\u1ee9: T\u00e2y Ban Nha.<\/strong><\/p>\n<p><strong>&#8211; B\u1ea3o h\u00e0nh: 12 th\u00e1ng.<\/strong><\/p>\n","protected":false},"excerpt":{"rendered":"<p>&nbsp;<\/p>\n<p>Kim thu s\u00e9t Ingesco\u00a0<strong>PDC 5.3<\/strong><br \/>\nB\u00e1n k\u00ednh b\u1ea3o v\u1ec7 c\u1ea5p 3: 95m<br \/>\nTr\u1ecdng l\u01b0\u1ee3ng s\u1ea3n ph\u1ea9m: 3,6kg<br \/>\nChi\u1ec1u d\u00e0i kim thu s\u00e9t: 598mm<\/p>\n","protected":false},"featured_media":1120,"comment_status":"closed","ping_status":"closed","template":"","meta":[],"product_cat":[44],"product_tag":[78,85,79],"class_list":{"0":"post-1119","1":"product","2":"type-product","3":"status-publish","4":"has-post-thumbnail","6":"product_cat-kim-thu-set-ingesco-tbn","7":"product_tag-ingesco","8":"product_tag-pdc-5-3","9":"product_tag-tay-ban-nha","11":"first","12":"instock","13":"shipping-taxable","14":"product-type-simple"},"_links":{"self":[{"href":"https:\/\/chongsetminhhan.com\/index.php?rest_route=\/wp\/v2\/product\/1119","targetHints":{"allow":["GET"]}}],"collection":[{"href":"https:\/\/chongsetminhhan.com\/index.php?rest_route=\/wp\/v2\/product"}],"about":[{"href":"https:\/\/chongsetminhhan.com\/index.php?rest_route=\/wp\/v2\/types\/product"}],"replies":[{"embeddable":true,"href":"https:\/\/chongsetminhhan.com\/index.php?rest_route=%2Fwp%2Fv2%2Fcomments&post=1119"}],"wp:featuredmedia":[{"embeddable":true,"href":"https:\/\/chongsetminhhan.com\/index.php?rest_route=\/wp\/v2\/media\/1120"}],"wp:attachment":[{"href":"https:\/\/chongsetminhhan.com\/index.php?rest_route=%2Fwp%2Fv2%2Fmedia&parent=1119"}],"wp:term":[{"taxonomy":"product_cat","embeddable":true,"href":"https:\/\/chongsetminhhan.com\/index.php?rest_route=%2Fwp%2Fv2%2Fproduct_cat&post=1119"},{"taxonomy":"product_tag","embeddable":true,"href":"https:\/\/chongsetminhhan.com\/index.php?rest_route=%2Fwp%2Fv2%2Fproduct_tag&post=1119"}],"curies":[{"name":"wp","href":"https:\/\/api.w.org\/{rel}","templated":true}]}}