{"id":1104,"date":"2023-03-15T18:20:21","date_gmt":"2023-03-15T11:20:21","guid":{"rendered":"https:\/\/chongsetminhhan.com\/?post_type=product&#038;p=1104"},"modified":"2023-03-18T18:28:07","modified_gmt":"2023-03-18T11:28:07","slug":"kim-thu-set-tia-tien-dao-liva-cx040","status":"publish","type":"product","link":"https:\/\/chongsetminhhan.com\/?product=kim-thu-set-tia-tien-dao-liva-cx040","title":{"rendered":"KIM THU S\u00c9T TIA TI\u00caN \u0110\u1ea0O LIVA CX040"},"content":{"rendered":"<h2>Kim thu s\u00e9t hi\u1ec7n \u0111\u1ea1i Liva:<\/h2>\n<p>Kim thu s\u00e9t Liva l\u00e0 m\u1ed9t trong nh\u1eefng s\u1ea3n ph\u1ea9m ch\u1ee7 l\u1ef1c c\u1ee7a Liva Grup. Kim Liva \u0111\u01b0\u1ee3c s\u1ea3n xu\u1ea5t theo c\u00f4ng ngh\u1ec7 hi\u1ec7n \u0111\u1ea1i ph\u00e1t tia ti\u00ean \u0111\u1ea1o s\u1edbm.<\/p>\n<p>S\u00e9t \u0111\u00e1nh xu\u1ed1ng m\u1eb7t \u0111\u1ea5t t\u1ea1o m\u1ed9t v\u00f9ng \u0111i\u1ec7n tr\u01b0\u1eddng m\u1ea1nh. Lu\u1ed3ng \u0111i\u1ec7n tr\u01b0\u1eddng t\u0103ng nhanh khi tia ti\u00ean \u0111\u1ea1o c\u1ee7a kim thu s\u00e9t ti\u1ebfn l\u1ea1i g\u1ea7n. L\u00fac n\u00e0y tia ti\u00ean \u0111\u1ea1o \u0111i l\u00ean c\u1ee7a kim thu s\u00e9t ti\u1ebfp x\u00fac v\u1edbi tia ti\u00ean \u0111\u1ea1o \u0111i xu\u1ed1ng c\u1ee7a \u0111\u00e1m m\u00e2y gi\u00f4ng. \u0110i\u1ec1u n\u00e0y x\u1ea3y ra tr\u01b0\u1edbc khi c\u00e1c \u0111i\u1ec3m cao kh\u00e1c g\u1ea7n \u0111\u00f3 ph\u00f3ng l\u00ean d\u00f2ng \u0111i\u1ec7n d\u1eabn.<\/p>\n<p><span lang=\"vi\"><strong>H\u1ec6 TH\u1ed0NG HO\u1ea0T \u0110\u1ed8NG:<\/strong><\/span><\/p>\n<p><span lang=\"vi\">Ho\u1ea1t \u0111\u1ed9ng theo nguy\u00ean t\u1eafc Ph\u00e1t x\u1ea1 tia ti\u00ean \u0111\u1ea1o s\u1edbm [E.S.E.], Hi\u1ec7u \u1ee9ng tr\u01b0\u1eddng kh\u00ed quy\u1ec3n \u0111i\u1ec7n t\u1eed LAP CX040 LIVA \u0110\u1ea7u n\u0103ng l\u01b0\u1ee3ng t\u1eeb c\u1ed9t \u0111i\u1ec7n l\u1ea5y n\u0103ng l\u01b0\u1ee3ng t\u1eeb s\u1ef1 thay \u0111\u1ed5i c\u01b0\u1eddng \u0111\u1ed9 tr\u01b0\u1eddng t\u0129nh \u0111i\u1ec7n v\u00e0 \u0111i\u1ec7n t\u1eeb trong kh\u00f4ng kh\u00ed<\/span><\/p>\n<h2><span lang=\"vi\"><strong>Kim lo\u1ea1i \u0111\u01b0\u1ee3c s\u1eed d\u1ee5ng:<\/strong><\/span><\/h2>\n<p><span lang=\"vi\">Th\u00e9p kh\u00f4ng g\u1ec9 \u0111\u01b0\u1ee3c s\u1eed d\u1ee5ng cho c\u1ed9t thu l\u00f4i, t\u00ednh to\u00e1n cho c\u00e1c \u0111i\u1ec1u ki\u1ec7n t\u1ef1 nhi\u00ean kh\u1eafc nhi\u1ec7t.<\/span><\/p>\n<h2><span lang=\"vi\"><strong>\u0110\u1ec9nh kim thu :<\/strong><\/span><\/h2>\n<p><span lang=\"vi\">N\u00f3 \u0111\u01b0\u1ee3c l\u00e0m b\u1eb1ng th\u00e9p kh\u00f4ng g\u1ec9 c\u00f3 \u0111\u01b0\u1eddng k\u00ednh 25 mm v\u00e0 b\u1eaft \u0111\u01b0\u1ee3c tia s\u00e9t.<\/span><\/p>\n<h2><span lang=\"vi\"><strong>Kh\u1ed1i n\u0103ng l\u01b0\u1ee3ng \u0111i\u1ec7n kh\u00ed quy\u1ec3n:<\/strong><\/span><\/h2>\n<p><span lang=\"vi\">\u0110\u00e2y l\u00e0 ph\u1ea7n \u0111\u1ed9c l\u1eadp tr\u1ee5c gi\u1eefa c\u00f3 ch\u1ee9a m\u1ed9t m\u00e1y ph\u00e1t xung \u0111i\u1ec7n \u00e1p cao.<\/span><span lang=\"vi\"><strong>C\u00e1c \u0111i\u1ec7n c\u1ef1c ion:<\/strong><\/span><\/p>\n<p><span lang=\"vi\">\u0110\u00e2y l\u00e0 c\u00e1c \u0111i\u1ec7n c\u1ef1c cho ph\u00e9p c\u00e1c xung \u0111i\u1ec7n \u00e1p cao \u0111\u01b0\u1ee3c t\u1ea1o ra trong m\u00e1y ph\u00e1t xung \u0111i\u1ec7n \u00e1p cao t\u1ea1o th\u00e0nh c\u00e1c ion.<\/span><\/p>\n<p>LI\u00caN H\u1ec6 HOTLINE 096.458.3553<\/p>\n","protected":false},"excerpt":{"rendered":"<p style=\"margin: 0in; margin-bottom: .0001pt; background: white;\"><span lang=\"EN-GB\" style=\"font-size: 10.5pt; font-family: 'Arial',sans-serif; color: #555555;\">Kim thu s\u00e9t LIVA LAP CX040<\/span><\/p>\n<p style=\"margin: 0in; margin-bottom: .0001pt; background: white;\"><span lang=\"EN-GB\" style=\"font-size: 10.5pt; font-family: 'Arial',sans-serif; color: #555555;\">B\u00e1n k\u00ednh b\u1ea3o v\u1ec7 c\u1ea5p 3: 61m<br \/>\nTr\u1ecdng l\u01b0\u1ee3ng kim thu s\u00e9t: 2.3kg<br \/>\nChi\u1ec1u d\u00e0i kim thu s\u00e9t: 70cm<\/span><\/p>\n","protected":false},"featured_media":1085,"comment_status":"closed","ping_status":"closed","template":"","meta":[],"product_cat":[41,45],"product_tag":[75,74],"class_list":{"0":"post-1104","1":"product","2":"type-product","3":"status-publish","4":"has-post-thumbnail","6":"product_cat-kim-thu-set","7":"product_cat-kim-thu-set-liva-turky","8":"product_tag-cx040","9":"product_tag-liva","11":"first","12":"instock","13":"shipping-taxable","14":"product-type-simple"},"_links":{"self":[{"href":"https:\/\/chongsetminhhan.com\/index.php?rest_route=\/wp\/v2\/product\/1104","targetHints":{"allow":["GET"]}}],"collection":[{"href":"https:\/\/chongsetminhhan.com\/index.php?rest_route=\/wp\/v2\/product"}],"about":[{"href":"https:\/\/chongsetminhhan.com\/index.php?rest_route=\/wp\/v2\/types\/product"}],"replies":[{"embeddable":true,"href":"https:\/\/chongsetminhhan.com\/index.php?rest_route=%2Fwp%2Fv2%2Fcomments&post=1104"}],"wp:featuredmedia":[{"embeddable":true,"href":"https:\/\/chongsetminhhan.com\/index.php?rest_route=\/wp\/v2\/media\/1085"}],"wp:attachment":[{"href":"https:\/\/chongsetminhhan.com\/index.php?rest_route=%2Fwp%2Fv2%2Fmedia&parent=1104"}],"wp:term":[{"taxonomy":"product_cat","embeddable":true,"href":"https:\/\/chongsetminhhan.com\/index.php?rest_route=%2Fwp%2Fv2%2Fproduct_cat&post=1104"},{"taxonomy":"product_tag","embeddable":true,"href":"https:\/\/chongsetminhhan.com\/index.php?rest_route=%2Fwp%2Fv2%2Fproduct_tag&post=1104"}],"curies":[{"name":"wp","href":"https:\/\/api.w.org\/{rel}","templated":true}]}}