{"id":79,"date":"2018-09-28T10:15:39","date_gmt":"2018-09-28T03:15:39","guid":{"rendered":"http:\/\/maylockhi1.khowebseotop.vn\/?page_id=79"},"modified":"2023-03-15T22:06:28","modified_gmt":"2023-03-15T15:06:28","slug":"lien-he","status":"publish","type":"page","link":"https:\/\/chongsetminhhan.com\/?page_id=79","title":{"rendered":"Li\u00ean h\u1ec7"},"content":{"rendered":"<p id=\"lien-he\"><strong>CH\u1ed0NG S\u00c9T MINH H\u00c2N<\/strong><\/p>\n<ul class=\"address\">\n<li><strong>\u0110\u1ecba ch\u1ec9:<\/strong>\u00a0s\u1ed1 99 khu t\u1eadp th\u1ec3 b\u1ec7nh vi\u1ec7n t\u00e2m th\u1ea7n trung \u01b0\u01a1ng 1, x\u00e3 H\u00f2a B\u00ecnh, huy\u1ec7n Th\u01b0\u1eddng T\u00edn, H\u00e0 N\u1ed9i<\/li>\n<li><strong>Hotline:<\/strong>\u00a0<a class=\"text-is-phone-number\" href=\"tel:0903218333\">096.458.3553<\/a><\/li>\n<li><strong>Email:<\/strong> <a href=\"mailto:manh.csga@gmail.com\">chongsetminhhan@gmail.com<\/a><\/li>\n<li><strong>Website:<\/strong>\u00a0<a href=\"https:\/\/chongsetminhhan.com\/\">chongsetminhhan.com<\/a><\/li>\n<\/ul>\n\n<div class=\"wpcf7 no-js\" id=\"wpcf7-f1055-o1\" lang=\"vi\" dir=\"ltr\">\n<div class=\"screen-reader-response\"><p role=\"status\" aria-live=\"polite\" aria-atomic=\"true\"><\/p> <ul><\/ul><\/div>\n<form action=\"\/index.php?rest_route=%2Fwp%2Fv2%2Fpages%2F79#wpcf7-f1055-o1\" method=\"post\" class=\"wpcf7-form init\" aria-label=\"Form li\u00ean h\u1ec7\" novalidate=\"novalidate\" data-status=\"init\">\n<div style=\"display: none;\">\n<input type=\"hidden\" name=\"_wpcf7\" value=\"1055\" \/>\n<input type=\"hidden\" name=\"_wpcf7_version\" value=\"5.9.3\" \/>\n<input type=\"hidden\" name=\"_wpcf7_locale\" value=\"vi\" \/>\n<input type=\"hidden\" name=\"_wpcf7_unit_tag\" value=\"wpcf7-f1055-o1\" \/>\n<input type=\"hidden\" name=\"_wpcf7_container_post\" value=\"0\" \/>\n<input type=\"hidden\" name=\"_wpcf7_posted_data_hash\" value=\"\" \/>\n<\/div>\n<p><label> T\u00ean c\u1ee7a b\u1ea1n (b\u1eaft bu\u1ed9c)<br \/>\n<span class=\"wpcf7-form-control-wrap\" data-name=\"your-name\"><input size=\"40\" class=\"wpcf7-form-control wpcf7-text wpcf7-validates-as-required\" autocomplete=\"name\" aria-required=\"true\" aria-invalid=\"false\" value=\"\" type=\"text\" name=\"your-name\" \/><\/span> <\/label>\n<\/p>\n<p><label> \u0110\u1ecba ch\u1ec9 Email (b\u1eaft bu\u1ed9c)<br \/>\n<span class=\"wpcf7-form-control-wrap\" data-name=\"your-email\"><input size=\"40\" class=\"wpcf7-form-control wpcf7-email wpcf7-validates-as-required wpcf7-text wpcf7-validates-as-email\" autocomplete=\"email\" aria-required=\"true\" aria-invalid=\"false\" value=\"\" type=\"email\" name=\"your-email\" \/><\/span> <\/label>\n<\/p>\n<p><label> Ti\u00eau \u0111\u1ec1:<br \/>\n<span class=\"wpcf7-form-control-wrap\" data-name=\"your-subject\"><input size=\"40\" class=\"wpcf7-form-control wpcf7-text wpcf7-validates-as-required\" aria-required=\"true\" aria-invalid=\"false\" value=\"\" type=\"text\" name=\"your-subject\" \/><\/span> <\/label>\n<\/p>\n<p><label> Y\u00eau C\u1ea7u (b\u1eaft bu\u1ed9c)<br \/>\n<span class=\"wpcf7-form-control-wrap\" data-name=\"your-message\"><textarea cols=\"40\" rows=\"10\" class=\"wpcf7-form-control wpcf7-textarea\" aria-invalid=\"false\" name=\"your-message\"><\/textarea><\/span> <\/label>\n<\/p>\n<p><input class=\"wpcf7-form-control wpcf7-submit has-spinner\" type=\"submit\" value=\"G\u1eedi\" \/>\n<\/p><div class=\"wpcf7-response-output\" aria-hidden=\"true\"><\/div>\n<\/form>\n<\/div>\n\n","protected":false},"excerpt":{"rendered":"<p>CH\u1ed0NG S\u00c9T MINH H\u00c2N \u0110\u1ecba ch\u1ec9:\u00a0s\u1ed1 99 khu t\u1eadp th\u1ec3 b\u1ec7nh vi\u1ec7n t\u00e2m th\u1ea7n trung \u01b0\u01a1ng 1, x\u00e3 H\u00f2a B\u00ecnh, huy\u1ec7n Th\u01b0\u1eddng T\u00edn, H\u00e0 N\u1ed9i Hotline:\u00a0096.458.3553 Email: chongsetminhhan@gmail.com Website:\u00a0chongsetminhhan.com<\/p>\n","protected":false},"author":2,"featured_media":0,"parent":0,"menu_order":0,"comment_status":"closed","ping_status":"closed","template":"page-left-sidebar.php","meta":{"footnotes":""},"class_list":["post-79","page","type-page","status-publish","hentry"],"_links":{"self":[{"href":"https:\/\/chongsetminhhan.com\/index.php?rest_route=\/wp\/v2\/pages\/79","targetHints":{"allow":["GET"]}}],"collection":[{"href":"https:\/\/chongsetminhhan.com\/index.php?rest_route=\/wp\/v2\/pages"}],"about":[{"href":"https:\/\/chongsetminhhan.com\/index.php?rest_route=\/wp\/v2\/types\/page"}],"author":[{"embeddable":true,"href":"https:\/\/chongsetminhhan.com\/index.php?rest_route=\/wp\/v2\/users\/2"}],"replies":[{"embeddable":true,"href":"https:\/\/chongsetminhhan.com\/index.php?rest_route=%2Fwp%2Fv2%2Fcomments&post=79"}],"version-history":[{"count":8,"href":"https:\/\/chongsetminhhan.com\/index.php?rest_route=\/wp\/v2\/pages\/79\/revisions"}],"predecessor-version":[{"id":1121,"href":"https:\/\/chongsetminhhan.com\/index.php?rest_route=\/wp\/v2\/pages\/79\/revisions\/1121"}],"wp:attachment":[{"href":"https:\/\/chongsetminhhan.com\/index.php?rest_route=%2Fwp%2Fv2%2Fmedia&parent=79"}],"curies":[{"name":"wp","href":"https:\/\/api.w.org\/{rel}","templated":true}]}}